{"id":8655,"date":"2026-02-16T17:53:27","date_gmt":"2026-02-16T16:53:27","guid":{"rendered":"https:\/\/baztan.imacnol.es\/reserveringsvoorwaarden\/"},"modified":"2026-04-08T18:24:58","modified_gmt":"2026-04-08T16:24:58","slug":"reserveringsvoorwaarden","status":"publish","type":"page","link":"https:\/\/www.campingbaztan.com\/nl\/reserveringsvoorwaarden\/","title":{"rendered":"Reserveringsvoorwaarden"},"content":{"rendered":"\t\t<div data-elementor-type=\"wp-page\" data-elementor-id=\"8655\" class=\"elementor elementor-8655 elementor-1570\" data-elementor-post-type=\"page\">\n\t\t\t\t<div data-dce-background-color=\"#475242\" data-dce-background-overlay-color=\"#000000\" data-dce-background-image-url=\"https:\/\/www.campingbaztan.com\/wp-content\/uploads\/camping-baztan-filigrana-hero-utilidades.png\" class=\"elementor-element elementor-element-b1fcca4 e-con-full e-flex e-con e-parent\" data-id=\"b1fcca4\" data-element_type=\"container\" data-e-type=\"container\" data-settings=\"{&quot;background_background&quot;:&quot;classic&quot;,&quot;jet_parallax_layout_list&quot;:[]}\">\n\t\t<div class=\"elementor-element elementor-element-1bcfe87 e-flex e-con-boxed e-con e-child\" data-id=\"1bcfe87\" data-element_type=\"container\" data-e-type=\"container\" data-settings=\"{&quot;jet_parallax_layout_list&quot;:[]}\">\n\t\t\t\t\t<div class=\"e-con-inner\">\n\t\t\t\t<div class=\"elementor-element elementor-element-96f34bf elementor-widget elementor-widget-heading\" data-id=\"96f34bf\" data-element_type=\"widget\" data-e-type=\"widget\" data-widget_type=\"heading.default\">\n\t\t\t\t\t<h1 class=\"elementor-heading-title elementor-size-default\">Reserveringsvoorwaarden<\/h1>\t\t\t\t<\/div>\n\t\t\t\t\t<\/div>\n\t\t\t\t<\/div>\n\t\t\t\t<\/div>\n\t\t<div class=\"elementor-element elementor-element-747415c e-flex e-con-boxed e-con e-parent\" data-id=\"747415c\" data-element_type=\"container\" data-e-type=\"container\" data-settings=\"{&quot;jet_parallax_layout_list&quot;:[]}\">\n\t\t\t\t\t<div class=\"e-con-inner\">\n\t\t<div class=\"elementor-element elementor-element-697542b e-con-full e-flex e-con e-child\" data-id=\"697542b\" data-element_type=\"container\" data-e-type=\"container\" data-settings=\"{&quot;jet_parallax_layout_list&quot;:[]}\">\n\t\t\t\t<div class=\"elementor-element elementor-element-568dd43 elementor-widget elementor-widget-heading\" data-id=\"568dd43\" data-element_type=\"widget\" data-e-type=\"widget\" data-widget_type=\"heading.default\">\n\t\t\t\t\t<h2 class=\"elementor-heading-title elementor-size-default\">Reservering<\/h2>\t\t\t\t<\/div>\n\t\t\t\t<div data-dce-text-color=\"#000000\" class=\"elementor-element elementor-element-8fde15a elementor-widget elementor-widget-text-editor\" data-id=\"8fde15a\" data-element_type=\"widget\" data-e-type=\"widget\" data-widget_type=\"text-editor.default\">\n\t\t\t\t\t\t\t\t\tDe reservering wordt als definitief beschouwd wanneer de campingdirectie een bankoverschrijving of postwissel heeft ontvangen ter waarde van \u00e9\u00e9n overnachting volgens de geldende tarieven. Het resterende bedrag van de reservering wordt bij aankomst in de gereserveerde accommodatie betaald. \t\t\t\t\t\t\t\t<\/div>\n\t\t\t\t<div class=\"elementor-element elementor-element-73cecfe elementor-widget elementor-widget-spacer\" data-id=\"73cecfe\" data-element_type=\"widget\" data-e-type=\"widget\" data-widget_type=\"spacer.default\">\n\t\t\t\t\t\t\t<div class=\"elementor-spacer\">\n\t\t\t<div class=\"elementor-spacer-inner\"><\/div>\n\t\t<\/div>\n\t\t\t\t\t\t<\/div>\n\t\t\t\t<div class=\"elementor-element elementor-element-6017f60 elementor-widget elementor-widget-heading\" data-id=\"6017f60\" data-element_type=\"widget\" data-e-type=\"widget\" data-widget_type=\"heading.default\">\n\t\t\t\t\t<h2 class=\"elementor-heading-title elementor-size-default\">Zeer belangrijk<\/h2>\t\t\t\t<\/div>\n\t\t\t\t<div data-dce-text-color=\"#000000\" class=\"elementor-element elementor-element-1df900a elementor-widget elementor-widget-text-editor\" data-id=\"1df900a\" data-element_type=\"widget\" data-e-type=\"widget\" data-widget_type=\"text-editor.default\">\n\t\t\t\t\t\t\t\t\tEr dient een borg van 70 euro te worden betaald bij de receptie van de camping om eventuele schade als gevolg van het gebruik van de bungalows en familieaccommodaties te dekken. Deze borg wordt aan het einde van het verblijf terugbetaald indien de bungalow of familieaccommodatie zich in dezelfde staat bevindt als waarin deze werd aangetroffen. \t\t\t\t\t\t\t\t<\/div>\n\t\t\t\t<div class=\"elementor-element elementor-element-ccfef0a elementor-widget elementor-widget-spacer\" data-id=\"ccfef0a\" data-element_type=\"widget\" data-e-type=\"widget\" data-widget_type=\"spacer.default\">\n\t\t\t\t\t\t\t<div class=\"elementor-spacer\">\n\t\t\t<div class=\"elementor-spacer-inner\"><\/div>\n\t\t<\/div>\n\t\t\t\t\t\t<\/div>\n\t\t\t\t<div class=\"elementor-element elementor-element-5cc4efd elementor-widget elementor-widget-heading\" data-id=\"5cc4efd\" data-element_type=\"widget\" data-e-type=\"widget\" data-widget_type=\"heading.default\">\n\t\t\t\t\t<h2 class=\"elementor-heading-title elementor-size-default\">Aankomst - Vertrek<\/h2>\t\t\t\t<\/div>\n\t\t\t\t<div data-dce-text-color=\"#000000\" class=\"elementor-element elementor-element-916df3a elementor-widget elementor-widget-text-editor\" data-id=\"916df3a\" data-element_type=\"widget\" data-e-type=\"widget\" data-widget_type=\"text-editor.default\">\n\t\t\t\t\t\t\t\t\t<p><strong>Bungalows en familieaccommodaties<\/strong>: aankomst is mogelijk vanaf 14:00 uur. Vertrek dient uiterlijk om 11:00 uur plaats te vinden. <\/p><p><strong>Camping<\/strong>: gedurende het hele seizoen loopt de verblijfsperiode van 12:00 uur \u2019s middags tot 12:00 uur \u2019s middags de volgende dag.<\/p>\t\t\t\t\t\t\t\t<\/div>\n\t\t\t\t<\/div>\n\t\t<div class=\"elementor-element elementor-element-5cdce67 e-con-full e-flex e-con e-child\" data-id=\"5cdce67\" data-element_type=\"container\" data-e-type=\"container\" data-settings=\"{&quot;jet_parallax_layout_list&quot;:[]}\">\n\t\t\t\t<div class=\"elementor-element elementor-element-8503aa8 elementor-widget elementor-widget-heading\" data-id=\"8503aa8\" data-element_type=\"widget\" data-e-type=\"widget\" data-widget_type=\"heading.default\">\n\t\t\t\t\t<h2 class=\"elementor-heading-title elementor-size-default\">Annuleringen<\/h2>\t\t\t\t<\/div>\n\t\t\t\t<div data-dce-text-color=\"#000000\" class=\"elementor-element elementor-element-b78f5a8 elementor-widget elementor-widget-text-editor\" data-id=\"b78f5a8\" data-element_type=\"widget\" data-e-type=\"widget\" data-widget_type=\"text-editor.default\">\n\t\t\t\t\t\t\t\t\tElke annulering van een reservering dient SCHRIFTELIJK te gebeuren (annuleringen per telefoon worden niet aanvaard). Bij annuleringen van reserveringen in het midden- en hoogseizoen wordt de aanbetaling volledig terugbetaald indien deze meer dan \u00e9\u00e9n maand van tevoren wordt gedaan. Indien de annulering plaatsvindt tussen 15 dagen en \u00e9\u00e9n maand v\u00f3\u00f3r aankomst, kan de camping 50% van de aanbetaling inhouden. Indien de annulering binnen 15 dagen v\u00f3\u00f3r aankomst plaatsvindt, kan de camping 100% van de aanbetaling inhouden. Zodra het verblijf in de bungalows en familieaccommodaties is begonnen, geeft voortijdig vertrek v\u00f3\u00f3r de afgesproken data geen recht op korting. De annulering van de reservering brengt kosten van \u20ac2 met zich mee.     \t\t\t\t\t\t\t\t<\/div>\n\t\t\t\t<div class=\"elementor-element elementor-element-433881b elementor-widget elementor-widget-spacer\" data-id=\"433881b\" data-element_type=\"widget\" data-e-type=\"widget\" data-widget_type=\"spacer.default\">\n\t\t\t\t\t\t\t<div class=\"elementor-spacer\">\n\t\t\t<div class=\"elementor-spacer-inner\"><\/div>\n\t\t<\/div>\n\t\t\t\t\t\t<\/div>\n\t\t\t\t<div class=\"elementor-element elementor-element-4800a4b elementor-widget elementor-widget-heading\" data-id=\"4800a4b\" data-element_type=\"widget\" data-e-type=\"widget\" data-widget_type=\"heading.default\">\n\t\t\t\t\t<h2 class=\"elementor-heading-title elementor-size-default\">Terugbetaling van de reserveringsaanbetaling of de betaling van het verblijf<\/h2>\t\t\t\t<\/div>\n\t\t\t\t<div data-dce-text-color=\"#000000\" class=\"elementor-element elementor-element-3ec95a9 elementor-widget elementor-widget-text-editor\" data-id=\"3ec95a9\" data-element_type=\"widget\" data-e-type=\"widget\" data-widget_type=\"text-editor.default\">\n\t\t\t\t\t\t\t\t\tAlleen in geval van ziekenhuisopname of overlijden van een familielid, mits een bewijsstuk wordt overgelegd.\t\t\t\t\t\t\t\t<\/div>\n\t\t\t\t<div class=\"elementor-element elementor-element-ce89819 elementor-widget elementor-widget-spacer\" data-id=\"ce89819\" data-element_type=\"widget\" data-e-type=\"widget\" data-widget_type=\"spacer.default\">\n\t\t\t\t\t\t\t<div class=\"elementor-spacer\">\n\t\t\t<div class=\"elementor-spacer-inner\"><\/div>\n\t\t<\/div>\n\t\t\t\t\t\t<\/div>\n\t\t\t\t<div class=\"elementor-element elementor-element-4a8957a elementor-widget elementor-widget-heading\" data-id=\"4a8957a\" data-element_type=\"widget\" data-e-type=\"widget\" data-widget_type=\"heading.default\">\n\t\t\t\t\t<h2 class=\"elementor-heading-title elementor-size-default\">Verblijf<\/h2>\t\t\t\t<\/div>\n\t\t\t\t<div data-dce-text-color=\"#000000\" class=\"elementor-element elementor-element-12a4f54 elementor-widget elementor-widget-text-editor\" data-id=\"12a4f54\" data-element_type=\"widget\" data-e-type=\"widget\" data-widget_type=\"text-editor.default\">\n\t\t\t\t\t\t\t\t\tHet is verplicht om de polsband te dragen voor het gebruik van het zwembad, die bij aankomst wordt verstrekt.\t\t\t\t\t\t\t\t<\/div>\n\t\t\t\t<\/div>\n\t\t\t\t\t<\/div>\n\t\t\t\t<\/div>\n\t\t<div class=\"elementor-element elementor-element-52c0591 e-flex e-con-boxed e-con e-parent\" data-id=\"52c0591\" data-element_type=\"container\" data-e-type=\"container\" data-settings=\"{&quot;jet_parallax_layout_list&quot;:[]}\">\n\t\t\t\t\t<div class=\"e-con-inner\">\n\t\t<div class=\"elementor-element elementor-element-a1e1a3d e-con-full e-flex e-con e-child\" data-id=\"a1e1a3d\" data-element_type=\"container\" data-e-type=\"container\" data-settings=\"{&quot;jet_parallax_layout_list&quot;:[]}\">\n\t\t\t\t<div class=\"elementor-element elementor-element-d010720 elementor-widget elementor-widget-heading\" data-id=\"d010720\" data-element_type=\"widget\" data-e-type=\"widget\" data-widget_type=\"heading.default\">\n\t\t\t\t\t<h2 class=\"elementor-heading-title elementor-size-default\">De Directie<\/h2>\t\t\t\t<\/div>\n\t\t\t\t<\/div>\n\t\t\t\t\t<\/div>\n\t\t\t\t<\/div>\n\t\t\t\t<\/div>\n\t\t","protected":false},"excerpt":{"rendered":"<p>Reserveringsvoorwaarden Reservering De reservering wordt als definitief beschouwd wanneer de campingdirectie een bankoverschrijving of postwissel heeft ontvangen ter waarde van \u00e9\u00e9n overnachting volgens de geldende tarieven. Het resterende bedrag van de reservering wordt bij aankomst in de gereserveerde accommodatie betaald. Zeer belangrijk Er dient een borg van 70 euro te worden betaald bij de receptie [&hellip;]<\/p>\n","protected":false},"author":1,"featured_media":0,"parent":0,"menu_order":173,"comment_status":"closed","ping_status":"closed","template":"elementor_header_footer","meta":{"footnotes":""},"class_list":["post-8655","page","type-page","status-publish","hentry"],"yoast_head":"<!-- This site is optimized with the Yoast SEO plugin v27.4 - https:\/\/yoast.com\/product\/yoast-seo-wordpress\/ -->\n<title>Reserveringsvoorwaarden - Camping Bazt\u00e1n<\/title>\n<meta name=\"robots\" content=\"index, follow, max-snippet:-1, max-image-preview:large, max-video-preview:-1\" \/>\n<link rel=\"canonical\" href=\"https:\/\/www.campingbaztan.com\/nl\/reserveringsvoorwaarden\/\" \/>\n<meta property=\"og:locale\" content=\"nl_NL\" \/>\n<meta property=\"og:type\" content=\"article\" \/>\n<meta property=\"og:title\" content=\"Reserveringsvoorwaarden - Camping Bazt\u00e1n\" \/>\n<meta property=\"og:description\" content=\"Reserveringsvoorwaarden Reservering De reservering wordt als definitief beschouwd wanneer de campingdirectie een bankoverschrijving of postwissel heeft ontvangen ter waarde van \u00e9\u00e9n overnachting volgens de geldende tarieven. Het resterende bedrag van de reservering wordt bij aankomst in de gereserveerde accommodatie betaald. Zeer belangrijk Er dient een borg van 70 euro te worden betaald bij de receptie [&hellip;]\" \/>\n<meta property=\"og:url\" content=\"https:\/\/www.campingbaztan.com\/nl\/reserveringsvoorwaarden\/\" \/>\n<meta property=\"og:site_name\" content=\"Camping Bazt\u00e1n\" \/>\n<meta property=\"article:modified_time\" content=\"2026-04-08T16:24:58+00:00\" \/>\n<meta name=\"twitter:card\" content=\"summary_large_image\" \/>\n<meta name=\"twitter:label1\" content=\"Geschatte leestijd\" \/>\n\t<meta name=\"twitter:data1\" content=\"1 minuut\" \/>\n<script type=\"application\/ld+json\" class=\"yoast-schema-graph\">{\"@context\":\"https:\\\/\\\/schema.org\",\"@graph\":[{\"@type\":\"WebPage\",\"@id\":\"https:\\\/\\\/www.campingbaztan.com\\\/nl\\\/reserveringsvoorwaarden\\\/\",\"url\":\"https:\\\/\\\/www.campingbaztan.com\\\/nl\\\/reserveringsvoorwaarden\\\/\",\"name\":\"Reserveringsvoorwaarden - Camping Bazt\u00e1n\",\"isPartOf\":{\"@id\":\"https:\\\/\\\/www.campingbaztan.com\\\/nl\\\/#website\"},\"datePublished\":\"2026-02-16T16:53:27+00:00\",\"dateModified\":\"2026-04-08T16:24:58+00:00\",\"breadcrumb\":{\"@id\":\"https:\\\/\\\/www.campingbaztan.com\\\/nl\\\/reserveringsvoorwaarden\\\/#breadcrumb\"},\"inLanguage\":\"nl-NL\",\"potentialAction\":[{\"@type\":\"ReadAction\",\"target\":[\"https:\\\/\\\/www.campingbaztan.com\\\/nl\\\/reserveringsvoorwaarden\\\/\"]}]},{\"@type\":\"BreadcrumbList\",\"@id\":\"https:\\\/\\\/www.campingbaztan.com\\\/nl\\\/reserveringsvoorwaarden\\\/#breadcrumb\",\"itemListElement\":[{\"@type\":\"ListItem\",\"position\":1,\"name\":\"Camping Bazt\u00e1n\",\"item\":\"https:\\\/\\\/baztan.imacnol.es\\\/nl\\\/home\\\/\"},{\"@type\":\"ListItem\",\"position\":2,\"name\":\"Reserveringsvoorwaarden\"}]},{\"@type\":\"WebSite\",\"@id\":\"https:\\\/\\\/www.campingbaztan.com\\\/nl\\\/#website\",\"url\":\"https:\\\/\\\/www.campingbaztan.com\\\/nl\\\/\",\"name\":\"Camping Bazt\u00e1n\",\"description\":\"Camping 4 Estrellas en el Valle del Bazt\u00e1n \u00b7 Erratzu, Norte de Navarra\",\"publisher\":{\"@id\":\"https:\\\/\\\/www.campingbaztan.com\\\/nl\\\/#organization\"},\"alternateName\":\"Camping Bazt\u00e1n\",\"potentialAction\":[{\"@type\":\"SearchAction\",\"target\":{\"@type\":\"EntryPoint\",\"urlTemplate\":\"https:\\\/\\\/www.campingbaztan.com\\\/nl\\\/?s={search_term_string}\"},\"query-input\":{\"@type\":\"PropertyValueSpecification\",\"valueRequired\":true,\"valueName\":\"search_term_string\"}}],\"inLanguage\":\"nl-NL\"},{\"@type\":\"Organization\",\"@id\":\"https:\\\/\\\/www.campingbaztan.com\\\/nl\\\/#organization\",\"name\":\"Camping Bazt\u00e1n\",\"alternateName\":\"Camping Bazt\u00e1n\",\"url\":\"https:\\\/\\\/www.campingbaztan.com\\\/nl\\\/\",\"logo\":{\"@type\":\"ImageObject\",\"inLanguage\":\"nl-NL\",\"@id\":\"https:\\\/\\\/www.campingbaztan.com\\\/nl\\\/#\\\/schema\\\/logo\\\/image\\\/\",\"url\":\"https:\\\/\\\/www.campingbaztan.com\\\/wp-content\\\/uploads\\\/logo-camping-baztan.webp\",\"contentUrl\":\"https:\\\/\\\/www.campingbaztan.com\\\/wp-content\\\/uploads\\\/logo-camping-baztan.webp\",\"width\":800,\"height\":800,\"caption\":\"Camping Bazt\u00e1n\"},\"image\":{\"@id\":\"https:\\\/\\\/www.campingbaztan.com\\\/nl\\\/#\\\/schema\\\/logo\\\/image\\\/\"}}]}<\/script>\n<!-- \/ Yoast SEO plugin. -->","yoast_head_json":{"title":"Reserveringsvoorwaarden - Camping Bazt\u00e1n","robots":{"index":"index","follow":"follow","max-snippet":"max-snippet:-1","max-image-preview":"max-image-preview:large","max-video-preview":"max-video-preview:-1"},"canonical":"https:\/\/www.campingbaztan.com\/nl\/reserveringsvoorwaarden\/","og_locale":"nl_NL","og_type":"article","og_title":"Reserveringsvoorwaarden - Camping Bazt\u00e1n","og_description":"Reserveringsvoorwaarden Reservering De reservering wordt als definitief beschouwd wanneer de campingdirectie een bankoverschrijving of postwissel heeft ontvangen ter waarde van \u00e9\u00e9n overnachting volgens de geldende tarieven. Het resterende bedrag van de reservering wordt bij aankomst in de gereserveerde accommodatie betaald. Zeer belangrijk Er dient een borg van 70 euro te worden betaald bij de receptie [&hellip;]","og_url":"https:\/\/www.campingbaztan.com\/nl\/reserveringsvoorwaarden\/","og_site_name":"Camping Bazt\u00e1n","article_modified_time":"2026-04-08T16:24:58+00:00","twitter_card":"summary_large_image","twitter_misc":{"Geschatte leestijd":"1 minuut"},"schema":{"@context":"https:\/\/schema.org","@graph":[{"@type":"WebPage","@id":"https:\/\/www.campingbaztan.com\/nl\/reserveringsvoorwaarden\/","url":"https:\/\/www.campingbaztan.com\/nl\/reserveringsvoorwaarden\/","name":"Reserveringsvoorwaarden - Camping Bazt\u00e1n","isPartOf":{"@id":"https:\/\/www.campingbaztan.com\/nl\/#website"},"datePublished":"2026-02-16T16:53:27+00:00","dateModified":"2026-04-08T16:24:58+00:00","breadcrumb":{"@id":"https:\/\/www.campingbaztan.com\/nl\/reserveringsvoorwaarden\/#breadcrumb"},"inLanguage":"nl-NL","potentialAction":[{"@type":"ReadAction","target":["https:\/\/www.campingbaztan.com\/nl\/reserveringsvoorwaarden\/"]}]},{"@type":"BreadcrumbList","@id":"https:\/\/www.campingbaztan.com\/nl\/reserveringsvoorwaarden\/#breadcrumb","itemListElement":[{"@type":"ListItem","position":1,"name":"Camping Bazt\u00e1n","item":"https:\/\/baztan.imacnol.es\/nl\/home\/"},{"@type":"ListItem","position":2,"name":"Reserveringsvoorwaarden"}]},{"@type":"WebSite","@id":"https:\/\/www.campingbaztan.com\/nl\/#website","url":"https:\/\/www.campingbaztan.com\/nl\/","name":"Camping Bazt\u00e1n","description":"Camping 4 Estrellas en el Valle del Bazt\u00e1n \u00b7 Erratzu, Norte de Navarra","publisher":{"@id":"https:\/\/www.campingbaztan.com\/nl\/#organization"},"alternateName":"Camping Bazt\u00e1n","potentialAction":[{"@type":"SearchAction","target":{"@type":"EntryPoint","urlTemplate":"https:\/\/www.campingbaztan.com\/nl\/?s={search_term_string}"},"query-input":{"@type":"PropertyValueSpecification","valueRequired":true,"valueName":"search_term_string"}}],"inLanguage":"nl-NL"},{"@type":"Organization","@id":"https:\/\/www.campingbaztan.com\/nl\/#organization","name":"Camping Bazt\u00e1n","alternateName":"Camping Bazt\u00e1n","url":"https:\/\/www.campingbaztan.com\/nl\/","logo":{"@type":"ImageObject","inLanguage":"nl-NL","@id":"https:\/\/www.campingbaztan.com\/nl\/#\/schema\/logo\/image\/","url":"https:\/\/www.campingbaztan.com\/wp-content\/uploads\/logo-camping-baztan.webp","contentUrl":"https:\/\/www.campingbaztan.com\/wp-content\/uploads\/logo-camping-baztan.webp","width":800,"height":800,"caption":"Camping Bazt\u00e1n"},"image":{"@id":"https:\/\/www.campingbaztan.com\/nl\/#\/schema\/logo\/image\/"}}]}},"_links":{"self":[{"href":"https:\/\/www.campingbaztan.com\/nl\/wp-json\/wp\/v2\/pages\/8655","targetHints":{"allow":["GET"]}}],"collection":[{"href":"https:\/\/www.campingbaztan.com\/nl\/wp-json\/wp\/v2\/pages"}],"about":[{"href":"https:\/\/www.campingbaztan.com\/nl\/wp-json\/wp\/v2\/types\/page"}],"author":[{"embeddable":true,"href":"https:\/\/www.campingbaztan.com\/nl\/wp-json\/wp\/v2\/users\/1"}],"replies":[{"embeddable":true,"href":"https:\/\/www.campingbaztan.com\/nl\/wp-json\/wp\/v2\/comments?post=8655"}],"version-history":[{"count":1,"href":"https:\/\/www.campingbaztan.com\/nl\/wp-json\/wp\/v2\/pages\/8655\/revisions"}],"predecessor-version":[{"id":12148,"href":"https:\/\/www.campingbaztan.com\/nl\/wp-json\/wp\/v2\/pages\/8655\/revisions\/12148"}],"wp:attachment":[{"href":"https:\/\/www.campingbaztan.com\/nl\/wp-json\/wp\/v2\/media?parent=8655"}],"curies":[{"name":"wp","href":"https:\/\/api.w.org\/{rel}","templated":true}]}}