{"id":8667,"date":"2026-02-16T17:53:27","date_gmt":"2026-02-16T16:53:27","guid":{"rendered":"https:\/\/baztan.imacnol.es\/conditions-de-reservation\/"},"modified":"2026-04-08T18:25:47","modified_gmt":"2026-04-08T16:25:47","slug":"conditions-de-reservation","status":"publish","type":"page","link":"https:\/\/www.campingbaztan.com\/fr\/conditions-de-reservation\/","title":{"rendered":"Conditions de r\u00e9servation"},"content":{"rendered":"\t\t<div data-elementor-type=\"wp-page\" data-elementor-id=\"8667\" class=\"elementor elementor-8667 elementor-1570\" data-elementor-post-type=\"page\">\n\t\t\t\t<div data-dce-background-color=\"#475242\" data-dce-background-overlay-color=\"#000000\" data-dce-background-image-url=\"https:\/\/www.campingbaztan.com\/wp-content\/uploads\/camping-baztan-filigrana-hero-utilidades.png\" class=\"elementor-element elementor-element-b1fcca4 e-con-full e-flex e-con e-parent\" data-id=\"b1fcca4\" data-element_type=\"container\" data-e-type=\"container\" data-settings=\"{&quot;background_background&quot;:&quot;classic&quot;,&quot;jet_parallax_layout_list&quot;:[]}\">\n\t\t<div class=\"elementor-element elementor-element-1bcfe87 e-flex e-con-boxed e-con e-child\" data-id=\"1bcfe87\" data-element_type=\"container\" data-e-type=\"container\" data-settings=\"{&quot;jet_parallax_layout_list&quot;:[]}\">\n\t\t\t\t\t<div class=\"e-con-inner\">\n\t\t\t\t<div class=\"elementor-element elementor-element-96f34bf elementor-widget elementor-widget-heading\" data-id=\"96f34bf\" data-element_type=\"widget\" data-e-type=\"widget\" data-widget_type=\"heading.default\">\n\t\t\t\t\t<h1 class=\"elementor-heading-title elementor-size-default\">Conditions de r\u00e9servation<\/h1>\t\t\t\t<\/div>\n\t\t\t\t\t<\/div>\n\t\t\t\t<\/div>\n\t\t\t\t<\/div>\n\t\t<div class=\"elementor-element elementor-element-747415c e-flex e-con-boxed e-con e-parent\" data-id=\"747415c\" data-element_type=\"container\" data-e-type=\"container\" data-settings=\"{&quot;jet_parallax_layout_list&quot;:[]}\">\n\t\t\t\t\t<div class=\"e-con-inner\">\n\t\t<div class=\"elementor-element elementor-element-697542b e-con-full e-flex e-con e-child\" data-id=\"697542b\" data-element_type=\"container\" data-e-type=\"container\" data-settings=\"{&quot;jet_parallax_layout_list&quot;:[]}\">\n\t\t\t\t<div class=\"elementor-element elementor-element-568dd43 elementor-widget elementor-widget-heading\" data-id=\"568dd43\" data-element_type=\"widget\" data-e-type=\"widget\" data-widget_type=\"heading.default\">\n\t\t\t\t\t<h2 class=\"elementor-heading-title elementor-size-default\">R\u00e9servation<\/h2>\t\t\t\t<\/div>\n\t\t\t\t<div data-dce-text-color=\"#000000\" class=\"elementor-element elementor-element-8fde15a elementor-widget elementor-widget-text-editor\" data-id=\"8fde15a\" data-element_type=\"widget\" data-e-type=\"widget\" data-widget_type=\"text-editor.default\">\n\t\t\t\t\t\t\t\t\tLa r\u00e9servation sera consid\u00e9r\u00e9e comme effective lorsque la direction du camping aura re\u00e7u un virement bancaire ou un mandat postal correspondant au montant d\u2019une nuit de s\u00e9jour selon les tarifs en vigueur. Le reste de la r\u00e9servation sera pay\u00e9 \u00e0 l\u2019arriv\u00e9e dans l\u2019h\u00e9bergement r\u00e9serv\u00e9. \t\t\t\t\t\t\t\t<\/div>\n\t\t\t\t<div class=\"elementor-element elementor-element-73cecfe elementor-widget elementor-widget-spacer\" data-id=\"73cecfe\" data-element_type=\"widget\" data-e-type=\"widget\" data-widget_type=\"spacer.default\">\n\t\t\t\t\t\t\t<div class=\"elementor-spacer\">\n\t\t\t<div class=\"elementor-spacer-inner\"><\/div>\n\t\t<\/div>\n\t\t\t\t\t\t<\/div>\n\t\t\t\t<div class=\"elementor-element elementor-element-6017f60 elementor-widget elementor-widget-heading\" data-id=\"6017f60\" data-element_type=\"widget\" data-e-type=\"widget\" data-widget_type=\"heading.default\">\n\t\t\t\t\t<h2 class=\"elementor-heading-title elementor-size-default\">Tr\u00e8s important<\/h2>\t\t\t\t<\/div>\n\t\t\t\t<div data-dce-text-color=\"#000000\" class=\"elementor-element elementor-element-1df900a elementor-widget elementor-widget-text-editor\" data-id=\"1df900a\" data-element_type=\"widget\" data-e-type=\"widget\" data-widget_type=\"text-editor.default\">\n\t\t\t\t\t\t\t\t\tUne caution de 70 euros devra \u00eatre d\u00e9pos\u00e9e \u00e0 la r\u00e9ception du camping afin de couvrir d\u2019\u00e9ventuels dommages li\u00e9s \u00e0 l\u2019utilisation des Bungalows et H\u00e9bergements familiaux. Cette caution sera restitu\u00e9e \u00e0 la fin du s\u00e9jour si le Bungalow ou l\u2019H\u00e9bergement familial se trouve dans le m\u00eame \u00e9tat qu\u2019\u00e0 l\u2019arriv\u00e9e. \t\t\t\t\t\t\t\t<\/div>\n\t\t\t\t<div class=\"elementor-element elementor-element-ccfef0a elementor-widget elementor-widget-spacer\" data-id=\"ccfef0a\" data-element_type=\"widget\" data-e-type=\"widget\" data-widget_type=\"spacer.default\">\n\t\t\t\t\t\t\t<div class=\"elementor-spacer\">\n\t\t\t<div class=\"elementor-spacer-inner\"><\/div>\n\t\t<\/div>\n\t\t\t\t\t\t<\/div>\n\t\t\t\t<div class=\"elementor-element elementor-element-5cc4efd elementor-widget elementor-widget-heading\" data-id=\"5cc4efd\" data-element_type=\"widget\" data-e-type=\"widget\" data-widget_type=\"heading.default\">\n\t\t\t\t\t<h2 class=\"elementor-heading-title elementor-size-default\">Arriv\u00e9e - D\u00e9part<\/h2>\t\t\t\t<\/div>\n\t\t\t\t<div data-dce-text-color=\"#000000\" class=\"elementor-element elementor-element-916df3a elementor-widget elementor-widget-text-editor\" data-id=\"916df3a\" data-element_type=\"widget\" data-e-type=\"widget\" data-widget_type=\"text-editor.default\">\n\t\t\t\t\t\t\t\t\t<p><strong>Bungalows et h\u00e9bergements familiaux<\/strong> : les arriv\u00e9es s\u2019effectuent \u00e0 partir de 14h. Les d\u00e9parts doivent avoir lieu au plus tard \u00e0 11h. <\/p><p><strong>Camping<\/strong> : pendant toute la saison, la journ\u00e9e de s\u00e9jour s\u2019\u00e9tend de 12h \u00e0 12h le jour suivant.<\/p>\t\t\t\t\t\t\t\t<\/div>\n\t\t\t\t<\/div>\n\t\t<div class=\"elementor-element elementor-element-5cdce67 e-con-full e-flex e-con e-child\" data-id=\"5cdce67\" data-element_type=\"container\" data-e-type=\"container\" data-settings=\"{&quot;jet_parallax_layout_list&quot;:[]}\">\n\t\t\t\t<div class=\"elementor-element elementor-element-8503aa8 elementor-widget elementor-widget-heading\" data-id=\"8503aa8\" data-element_type=\"widget\" data-e-type=\"widget\" data-widget_type=\"heading.default\">\n\t\t\t\t\t<h2 class=\"elementor-heading-title elementor-size-default\">Annulations<\/h2>\t\t\t\t<\/div>\n\t\t\t\t<div data-dce-text-color=\"#000000\" class=\"elementor-element elementor-element-b78f5a8 elementor-widget elementor-widget-text-editor\" data-id=\"b78f5a8\" data-element_type=\"widget\" data-e-type=\"widget\" data-widget_type=\"text-editor.default\">\n\t\t\t\t\t\t\t\t\tToute annulation de r\u00e9servation devra \u00eatre effectu\u00e9e PAR \u00c9CRIT (les annulations par t\u00e9l\u00e9phone ne sont pas accept\u00e9es). En cas d\u2019annulation de r\u00e9servations en Moyenne et Haute Saison, l\u2019acompte sera int\u00e9gralement rembours\u00e9 si elle est effectu\u00e9e plus d\u2019un mois \u00e0 l\u2019avance. Si l\u2019annulation est effectu\u00e9e entre 15 jours et un mois avant l\u2019arriv\u00e9e, le camping pourra retenir 50 % de l\u2019acompte. Si l\u2019annulation intervient dans les 15 jours pr\u00e9c\u00e9dant l\u2019arriv\u00e9e, le camping pourra retenir 100 % de l\u2019acompte. Une fois le s\u00e9jour commenc\u00e9 dans les Bungalows et H\u00e9bergements familiaux, le d\u00e9part anticip\u00e9 avant les dates pr\u00e9vues ne donnera droit \u00e0 aucune r\u00e9duction. L\u2019annulation de la r\u00e9servation entra\u00eenera des frais de 2 \u20ac.     \t\t\t\t\t\t\t\t<\/div>\n\t\t\t\t<div class=\"elementor-element elementor-element-433881b elementor-widget elementor-widget-spacer\" data-id=\"433881b\" data-element_type=\"widget\" data-e-type=\"widget\" data-widget_type=\"spacer.default\">\n\t\t\t\t\t\t\t<div class=\"elementor-spacer\">\n\t\t\t<div class=\"elementor-spacer-inner\"><\/div>\n\t\t<\/div>\n\t\t\t\t\t\t<\/div>\n\t\t\t\t<div class=\"elementor-element elementor-element-4800a4b elementor-widget elementor-widget-heading\" data-id=\"4800a4b\" data-element_type=\"widget\" data-e-type=\"widget\" data-widget_type=\"heading.default\">\n\t\t\t\t\t<h2 class=\"elementor-heading-title elementor-size-default\">Remboursement de l\u2019acompte de r\u00e9servation ou du paiement du s\u00e9jour<\/h2>\t\t\t\t<\/div>\n\t\t\t\t<div data-dce-text-color=\"#000000\" class=\"elementor-element elementor-element-3ec95a9 elementor-widget elementor-widget-text-editor\" data-id=\"3ec95a9\" data-element_type=\"widget\" data-e-type=\"widget\" data-widget_type=\"text-editor.default\">\n\t\t\t\t\t\t\t\t\tUniquement en cas d\u2019hospitalisation ou de d\u00e9c\u00e8s d\u2019un membre de la famille, sur pr\u00e9sentation d\u2019un justificatif.\t\t\t\t\t\t\t\t<\/div>\n\t\t\t\t<div class=\"elementor-element elementor-element-ce89819 elementor-widget elementor-widget-spacer\" data-id=\"ce89819\" data-element_type=\"widget\" data-e-type=\"widget\" data-widget_type=\"spacer.default\">\n\t\t\t\t\t\t\t<div class=\"elementor-spacer\">\n\t\t\t<div class=\"elementor-spacer-inner\"><\/div>\n\t\t<\/div>\n\t\t\t\t\t\t<\/div>\n\t\t\t\t<div class=\"elementor-element elementor-element-4a8957a elementor-widget elementor-widget-heading\" data-id=\"4a8957a\" data-element_type=\"widget\" data-e-type=\"widget\" data-widget_type=\"heading.default\">\n\t\t\t\t\t<h2 class=\"elementor-heading-title elementor-size-default\">S\u00e9jour<\/h2>\t\t\t\t<\/div>\n\t\t\t\t<div data-dce-text-color=\"#000000\" class=\"elementor-element elementor-element-12a4f54 elementor-widget elementor-widget-text-editor\" data-id=\"12a4f54\" data-element_type=\"widget\" data-e-type=\"widget\" data-widget_type=\"text-editor.default\">\n\t\t\t\t\t\t\t\t\tIl est obligatoire de porter le bracelet pour l\u2019utilisation de la piscine, qui vous sera remis \u00e0 votre arriv\u00e9e.\t\t\t\t\t\t\t\t<\/div>\n\t\t\t\t<\/div>\n\t\t\t\t\t<\/div>\n\t\t\t\t<\/div>\n\t\t<div class=\"elementor-element elementor-element-52c0591 e-flex e-con-boxed e-con e-parent\" data-id=\"52c0591\" data-element_type=\"container\" data-e-type=\"container\" data-settings=\"{&quot;jet_parallax_layout_list&quot;:[]}\">\n\t\t\t\t\t<div class=\"e-con-inner\">\n\t\t<div class=\"elementor-element elementor-element-a1e1a3d e-con-full e-flex e-con e-child\" data-id=\"a1e1a3d\" data-element_type=\"container\" data-e-type=\"container\" data-settings=\"{&quot;jet_parallax_layout_list&quot;:[]}\">\n\t\t\t\t<div class=\"elementor-element elementor-element-d010720 elementor-widget elementor-widget-heading\" data-id=\"d010720\" data-element_type=\"widget\" data-e-type=\"widget\" data-widget_type=\"heading.default\">\n\t\t\t\t\t<h2 class=\"elementor-heading-title elementor-size-default\">La Direction<\/h2>\t\t\t\t<\/div>\n\t\t\t\t<\/div>\n\t\t\t\t\t<\/div>\n\t\t\t\t<\/div>\n\t\t\t\t<\/div>\n\t\t","protected":false},"excerpt":{"rendered":"<p>Conditions de r\u00e9servation R\u00e9servation La r\u00e9servation sera consid\u00e9r\u00e9e comme effective lorsque la direction du camping aura re\u00e7u un virement bancaire ou un mandat postal correspondant au montant d\u2019une nuit de s\u00e9jour selon les tarifs en vigueur. Le reste de la r\u00e9servation sera pay\u00e9 \u00e0 l\u2019arriv\u00e9e dans l\u2019h\u00e9bergement r\u00e9serv\u00e9. Tr\u00e8s important Une caution de 70 euros [&hellip;]<\/p>\n","protected":false},"author":1,"featured_media":0,"parent":0,"menu_order":173,"comment_status":"closed","ping_status":"closed","template":"elementor_header_footer","meta":{"footnotes":""},"class_list":["post-8667","page","type-page","status-publish","hentry"],"yoast_head":"<!-- This site is optimized with the Yoast SEO plugin v27.4 - https:\/\/yoast.com\/product\/yoast-seo-wordpress\/ -->\n<title>Conditions de r\u00e9servation - Camping Bazt\u00e1n<\/title>\n<meta name=\"robots\" content=\"index, follow, max-snippet:-1, max-image-preview:large, max-video-preview:-1\" \/>\n<link rel=\"canonical\" href=\"https:\/\/www.campingbaztan.com\/fr\/conditions-de-reservation\/\" \/>\n<meta property=\"og:locale\" content=\"fr_FR\" \/>\n<meta property=\"og:type\" content=\"article\" \/>\n<meta property=\"og:title\" content=\"Conditions de r\u00e9servation - Camping Bazt\u00e1n\" \/>\n<meta property=\"og:description\" content=\"Conditions de r\u00e9servation R\u00e9servation La r\u00e9servation sera consid\u00e9r\u00e9e comme effective lorsque la direction du camping aura re\u00e7u un virement bancaire ou un mandat postal correspondant au montant d\u2019une nuit de s\u00e9jour selon les tarifs en vigueur. Le reste de la r\u00e9servation sera pay\u00e9 \u00e0 l\u2019arriv\u00e9e dans l\u2019h\u00e9bergement r\u00e9serv\u00e9. Tr\u00e8s important Une caution de 70 euros [&hellip;]\" \/>\n<meta property=\"og:url\" content=\"https:\/\/www.campingbaztan.com\/fr\/conditions-de-reservation\/\" \/>\n<meta property=\"og:site_name\" content=\"Camping Bazt\u00e1n\" \/>\n<meta property=\"article:modified_time\" content=\"2026-04-08T16:25:47+00:00\" \/>\n<meta name=\"twitter:card\" content=\"summary_large_image\" \/>\n<meta name=\"twitter:label1\" content=\"Dur\u00e9e de lecture estim\u00e9e\" \/>\n\t<meta name=\"twitter:data1\" content=\"2 minutes\" \/>\n<script type=\"application\/ld+json\" class=\"yoast-schema-graph\">{\"@context\":\"https:\\\/\\\/schema.org\",\"@graph\":[{\"@type\":\"WebPage\",\"@id\":\"https:\\\/\\\/www.campingbaztan.com\\\/fr\\\/conditions-de-reservation\\\/\",\"url\":\"https:\\\/\\\/www.campingbaztan.com\\\/fr\\\/conditions-de-reservation\\\/\",\"name\":\"Conditions de r\u00e9servation - Camping Bazt\u00e1n\",\"isPartOf\":{\"@id\":\"https:\\\/\\\/www.campingbaztan.com\\\/fr\\\/#website\"},\"datePublished\":\"2026-02-16T16:53:27+00:00\",\"dateModified\":\"2026-04-08T16:25:47+00:00\",\"breadcrumb\":{\"@id\":\"https:\\\/\\\/www.campingbaztan.com\\\/fr\\\/conditions-de-reservation\\\/#breadcrumb\"},\"inLanguage\":\"fr-FR\",\"potentialAction\":[{\"@type\":\"ReadAction\",\"target\":[\"https:\\\/\\\/www.campingbaztan.com\\\/fr\\\/conditions-de-reservation\\\/\"]}]},{\"@type\":\"BreadcrumbList\",\"@id\":\"https:\\\/\\\/www.campingbaztan.com\\\/fr\\\/conditions-de-reservation\\\/#breadcrumb\",\"itemListElement\":[{\"@type\":\"ListItem\",\"position\":1,\"name\":\"Camping Bazt\u00e1n\",\"item\":\"https:\\\/\\\/baztan.imacnol.es\\\/fr\\\/accueil\\\/\"},{\"@type\":\"ListItem\",\"position\":2,\"name\":\"Conditions de r\u00e9servation\"}]},{\"@type\":\"WebSite\",\"@id\":\"https:\\\/\\\/www.campingbaztan.com\\\/fr\\\/#website\",\"url\":\"https:\\\/\\\/www.campingbaztan.com\\\/fr\\\/\",\"name\":\"Camping Bazt\u00e1n\",\"description\":\"Camping 4 Estrellas en el Valle del Bazt\u00e1n \u00b7 Erratzu, Norte de Navarra\",\"publisher\":{\"@id\":\"https:\\\/\\\/www.campingbaztan.com\\\/fr\\\/#organization\"},\"alternateName\":\"Camping Bazt\u00e1n\",\"potentialAction\":[{\"@type\":\"SearchAction\",\"target\":{\"@type\":\"EntryPoint\",\"urlTemplate\":\"https:\\\/\\\/www.campingbaztan.com\\\/fr\\\/?s={search_term_string}\"},\"query-input\":{\"@type\":\"PropertyValueSpecification\",\"valueRequired\":true,\"valueName\":\"search_term_string\"}}],\"inLanguage\":\"fr-FR\"},{\"@type\":\"Organization\",\"@id\":\"https:\\\/\\\/www.campingbaztan.com\\\/fr\\\/#organization\",\"name\":\"Camping Bazt\u00e1n\",\"alternateName\":\"Camping Bazt\u00e1n\",\"url\":\"https:\\\/\\\/www.campingbaztan.com\\\/fr\\\/\",\"logo\":{\"@type\":\"ImageObject\",\"inLanguage\":\"fr-FR\",\"@id\":\"https:\\\/\\\/www.campingbaztan.com\\\/fr\\\/#\\\/schema\\\/logo\\\/image\\\/\",\"url\":\"https:\\\/\\\/www.campingbaztan.com\\\/wp-content\\\/uploads\\\/logo-camping-baztan.webp\",\"contentUrl\":\"https:\\\/\\\/www.campingbaztan.com\\\/wp-content\\\/uploads\\\/logo-camping-baztan.webp\",\"width\":800,\"height\":800,\"caption\":\"Camping Bazt\u00e1n\"},\"image\":{\"@id\":\"https:\\\/\\\/www.campingbaztan.com\\\/fr\\\/#\\\/schema\\\/logo\\\/image\\\/\"}}]}<\/script>\n<!-- \/ Yoast SEO plugin. -->","yoast_head_json":{"title":"Conditions de r\u00e9servation - Camping Bazt\u00e1n","robots":{"index":"index","follow":"follow","max-snippet":"max-snippet:-1","max-image-preview":"max-image-preview:large","max-video-preview":"max-video-preview:-1"},"canonical":"https:\/\/www.campingbaztan.com\/fr\/conditions-de-reservation\/","og_locale":"fr_FR","og_type":"article","og_title":"Conditions de r\u00e9servation - Camping Bazt\u00e1n","og_description":"Conditions de r\u00e9servation R\u00e9servation La r\u00e9servation sera consid\u00e9r\u00e9e comme effective lorsque la direction du camping aura re\u00e7u un virement bancaire ou un mandat postal correspondant au montant d\u2019une nuit de s\u00e9jour selon les tarifs en vigueur. Le reste de la r\u00e9servation sera pay\u00e9 \u00e0 l\u2019arriv\u00e9e dans l\u2019h\u00e9bergement r\u00e9serv\u00e9. Tr\u00e8s important Une caution de 70 euros [&hellip;]","og_url":"https:\/\/www.campingbaztan.com\/fr\/conditions-de-reservation\/","og_site_name":"Camping Bazt\u00e1n","article_modified_time":"2026-04-08T16:25:47+00:00","twitter_card":"summary_large_image","twitter_misc":{"Dur\u00e9e de lecture estim\u00e9e":"2 minutes"},"schema":{"@context":"https:\/\/schema.org","@graph":[{"@type":"WebPage","@id":"https:\/\/www.campingbaztan.com\/fr\/conditions-de-reservation\/","url":"https:\/\/www.campingbaztan.com\/fr\/conditions-de-reservation\/","name":"Conditions de r\u00e9servation - Camping Bazt\u00e1n","isPartOf":{"@id":"https:\/\/www.campingbaztan.com\/fr\/#website"},"datePublished":"2026-02-16T16:53:27+00:00","dateModified":"2026-04-08T16:25:47+00:00","breadcrumb":{"@id":"https:\/\/www.campingbaztan.com\/fr\/conditions-de-reservation\/#breadcrumb"},"inLanguage":"fr-FR","potentialAction":[{"@type":"ReadAction","target":["https:\/\/www.campingbaztan.com\/fr\/conditions-de-reservation\/"]}]},{"@type":"BreadcrumbList","@id":"https:\/\/www.campingbaztan.com\/fr\/conditions-de-reservation\/#breadcrumb","itemListElement":[{"@type":"ListItem","position":1,"name":"Camping Bazt\u00e1n","item":"https:\/\/baztan.imacnol.es\/fr\/accueil\/"},{"@type":"ListItem","position":2,"name":"Conditions de r\u00e9servation"}]},{"@type":"WebSite","@id":"https:\/\/www.campingbaztan.com\/fr\/#website","url":"https:\/\/www.campingbaztan.com\/fr\/","name":"Camping Bazt\u00e1n","description":"Camping 4 Estrellas en el Valle del Bazt\u00e1n \u00b7 Erratzu, Norte de Navarra","publisher":{"@id":"https:\/\/www.campingbaztan.com\/fr\/#organization"},"alternateName":"Camping Bazt\u00e1n","potentialAction":[{"@type":"SearchAction","target":{"@type":"EntryPoint","urlTemplate":"https:\/\/www.campingbaztan.com\/fr\/?s={search_term_string}"},"query-input":{"@type":"PropertyValueSpecification","valueRequired":true,"valueName":"search_term_string"}}],"inLanguage":"fr-FR"},{"@type":"Organization","@id":"https:\/\/www.campingbaztan.com\/fr\/#organization","name":"Camping Bazt\u00e1n","alternateName":"Camping Bazt\u00e1n","url":"https:\/\/www.campingbaztan.com\/fr\/","logo":{"@type":"ImageObject","inLanguage":"fr-FR","@id":"https:\/\/www.campingbaztan.com\/fr\/#\/schema\/logo\/image\/","url":"https:\/\/www.campingbaztan.com\/wp-content\/uploads\/logo-camping-baztan.webp","contentUrl":"https:\/\/www.campingbaztan.com\/wp-content\/uploads\/logo-camping-baztan.webp","width":800,"height":800,"caption":"Camping Bazt\u00e1n"},"image":{"@id":"https:\/\/www.campingbaztan.com\/fr\/#\/schema\/logo\/image\/"}}]}},"_links":{"self":[{"href":"https:\/\/www.campingbaztan.com\/fr\/wp-json\/wp\/v2\/pages\/8667","targetHints":{"allow":["GET"]}}],"collection":[{"href":"https:\/\/www.campingbaztan.com\/fr\/wp-json\/wp\/v2\/pages"}],"about":[{"href":"https:\/\/www.campingbaztan.com\/fr\/wp-json\/wp\/v2\/types\/page"}],"author":[{"embeddable":true,"href":"https:\/\/www.campingbaztan.com\/fr\/wp-json\/wp\/v2\/users\/1"}],"replies":[{"embeddable":true,"href":"https:\/\/www.campingbaztan.com\/fr\/wp-json\/wp\/v2\/comments?post=8667"}],"version-history":[{"count":1,"href":"https:\/\/www.campingbaztan.com\/fr\/wp-json\/wp\/v2\/pages\/8667\/revisions"}],"predecessor-version":[{"id":12152,"href":"https:\/\/www.campingbaztan.com\/fr\/wp-json\/wp\/v2\/pages\/8667\/revisions\/12152"}],"wp:attachment":[{"href":"https:\/\/www.campingbaztan.com\/fr\/wp-json\/wp\/v2\/media?parent=8667"}],"curies":[{"name":"wp","href":"https:\/\/api.w.org\/{rel}","templated":true}]}}