{"id":8629,"date":"2026-02-16T18:06:07","date_gmt":"2026-02-16T17:06:07","guid":{"rendered":"https:\/\/baztan.imacnol.es\/mentions-legales-et-politique-de-confidentialite\/"},"modified":"2026-04-08T18:24:19","modified_gmt":"2026-04-08T16:24:19","slug":"mentions-legales-et-politique-de-confidentialite","status":"publish","type":"page","link":"https:\/\/www.campingbaztan.com\/fr\/mentions-legales-et-politique-de-confidentialite\/","title":{"rendered":"Mentions l\u00e9gales et politique de confidentialit\u00e9"},"content":{"rendered":"\t\t<div data-elementor-type=\"wp-page\" data-elementor-id=\"8629\" class=\"elementor elementor-8629 elementor-1581\" data-elementor-post-type=\"page\">\n\t\t\t\t<div data-dce-background-color=\"#475242\" data-dce-background-overlay-color=\"#000000\" data-dce-background-image-url=\"https:\/\/www.campingbaztan.com\/wp-content\/uploads\/camping-baztan-filigrana-hero-utilidades.png\" class=\"elementor-element elementor-element-b1fcca4 e-con-full e-flex e-con e-parent\" data-id=\"b1fcca4\" data-element_type=\"container\" data-e-type=\"container\" data-settings=\"{&quot;background_background&quot;:&quot;classic&quot;,&quot;jet_parallax_layout_list&quot;:[]}\">\n\t\t<div class=\"elementor-element elementor-element-1bcfe87 e-flex e-con-boxed e-con e-child\" data-id=\"1bcfe87\" data-element_type=\"container\" data-e-type=\"container\" data-settings=\"{&quot;jet_parallax_layout_list&quot;:[]}\">\n\t\t\t\t\t<div class=\"e-con-inner\">\n\t\t\t\t<div class=\"elementor-element elementor-element-96f34bf elementor-widget elementor-widget-heading\" data-id=\"96f34bf\" data-element_type=\"widget\" data-e-type=\"widget\" data-widget_type=\"heading.default\">\n\t\t\t\t\t<h1 class=\"elementor-heading-title elementor-size-default\">Mentions l\u00e9gales et politique de confidentialit\u00e9<\/h1>\t\t\t\t<\/div>\n\t\t\t\t\t<\/div>\n\t\t\t\t<\/div>\n\t\t\t\t<\/div>\n\t\t<div class=\"elementor-element elementor-element-747415c e-flex e-con-boxed e-con e-parent\" data-id=\"747415c\" data-element_type=\"container\" data-e-type=\"container\" data-settings=\"{&quot;jet_parallax_layout_list&quot;:[]}\">\n\t\t\t\t\t<div class=\"e-con-inner\">\n\t\t<div class=\"elementor-element elementor-element-697542b e-con-full e-flex e-con e-child\" data-id=\"697542b\" data-element_type=\"container\" data-e-type=\"container\" data-settings=\"{&quot;jet_parallax_layout_list&quot;:[]}\">\n\t\t\t\t<div class=\"elementor-element elementor-element-8fde15a elementor-widget elementor-widget-text-editor\" data-id=\"8fde15a\" data-element_type=\"widget\" data-e-type=\"widget\" data-widget_type=\"text-editor.default\">\n\t\t\t\t\t\t\t\t\t<p>Cette page est la propri\u00e9t\u00e9 de Camping Baztan S.L. et a un caract\u00e8re purement informatif concernant les services propos\u00e9s par notre camping. Le fait d\u2019acc\u00e9der \u00e0 cette page implique la connaissance et l\u2019acceptation des conditions d\u2019utilisation suivantes. <\/p>\t\t\t\t\t\t\t\t<\/div>\n\t\t\t\t<\/div>\n\t\t\t\t\t<\/div>\n\t\t\t\t<\/div>\n\t\t<div class=\"elementor-element elementor-element-eabf873 e-flex e-con-boxed e-con e-parent\" data-id=\"eabf873\" data-element_type=\"container\" data-e-type=\"container\" data-settings=\"{&quot;jet_parallax_layout_list&quot;:[]}\">\n\t\t\t\t\t<div class=\"e-con-inner\">\n\t\t<div class=\"elementor-element elementor-element-4cade86 e-con-full e-flex e-con e-child\" data-id=\"4cade86\" data-element_type=\"container\" data-e-type=\"container\" data-settings=\"{&quot;jet_parallax_layout_list&quot;:[]}\">\n\t\t\t\t<div class=\"elementor-element elementor-element-c617c52 elementor-widget elementor-widget-heading\" data-id=\"c617c52\" data-element_type=\"widget\" data-e-type=\"widget\" data-widget_type=\"heading.default\">\n\t\t\t\t\t<h2 class=\"elementor-heading-title elementor-size-default\">1. Propri\u00e9t\u00e9 du site web.<\/h2>\t\t\t\t<\/div>\n\t\t\t\t<div data-dce-text-color=\"#000000\" class=\"elementor-element elementor-element-be6eac4 elementor-widget elementor-widget-text-editor\" data-id=\"be6eac4\" data-element_type=\"widget\" data-e-type=\"widget\" data-widget_type=\"text-editor.default\">\n\t\t\t\t\t\t\t\t\tLe nom de domaine www.campingbaztan.com est enregistr\u00e9 au nom de Camping Baztan S.L., NIF B-31408305, dont le si\u00e8ge social est situ\u00e9 Carretera de Francia s\/n, 31714 ERRATZU-BAZTAN, avec le num\u00e9ro de t\u00e9l\u00e9phone 948 453 133 et l\u2019adresse \u00e9lectronique campingbaztan@campingbaztan.com.\t\t\t\t\t\t\t\t<\/div>\n\t\t\t\t<div class=\"elementor-element elementor-element-d436433 elementor-widget elementor-widget-spacer\" data-id=\"d436433\" data-element_type=\"widget\" data-e-type=\"widget\" data-widget_type=\"spacer.default\">\n\t\t\t\t\t\t\t<div class=\"elementor-spacer\">\n\t\t\t<div class=\"elementor-spacer-inner\"><\/div>\n\t\t<\/div>\n\t\t\t\t\t\t<\/div>\n\t\t\t\t<div class=\"elementor-element elementor-element-cf030db elementor-widget elementor-widget-heading\" data-id=\"cf030db\" data-element_type=\"widget\" data-e-type=\"widget\" data-widget_type=\"heading.default\">\n\t\t\t\t\t<h2 class=\"elementor-heading-title elementor-size-default\">2. Propri\u00e9t\u00e9 intellectuelle du site web.<\/h2>\t\t\t\t<\/div>\n\t\t\t\t<div data-dce-text-color=\"#000000\" class=\"elementor-element elementor-element-5bf728c elementor-widget elementor-widget-text-editor\" data-id=\"5bf728c\" data-element_type=\"widget\" data-e-type=\"widget\" data-widget_type=\"text-editor.default\">\n\t\t\t\t\t\t\t\t\tTous les droits de propri\u00e9t\u00e9 intellectuelle relatifs au contenu de ce site web et \u00e0 sa conception graphique sont la propri\u00e9t\u00e9 exclusive de Camping Baztan S.L., et leur reproduction totale ou partielle est interdite sans l\u2019autorisation expresse de Camping Baztan S.L.\t\t\t\t\t\t\t\t<\/div>\n\t\t\t\t<div class=\"elementor-element elementor-element-4a1c098 elementor-widget elementor-widget-spacer\" data-id=\"4a1c098\" data-element_type=\"widget\" data-e-type=\"widget\" data-widget_type=\"spacer.default\">\n\t\t\t\t\t\t\t<div class=\"elementor-spacer\">\n\t\t\t<div class=\"elementor-spacer-inner\"><\/div>\n\t\t<\/div>\n\t\t\t\t\t\t<\/div>\n\t\t\t\t<div class=\"elementor-element elementor-element-50659a4 elementor-widget elementor-widget-heading\" data-id=\"50659a4\" data-element_type=\"widget\" data-e-type=\"widget\" data-widget_type=\"heading.default\">\n\t\t\t\t\t<h2 class=\"elementor-heading-title elementor-size-default\">3. Mise \u00e0 jour et modification du site web.<\/h2>\t\t\t\t<\/div>\n\t\t\t\t<div data-dce-text-color=\"#000000\" class=\"elementor-element elementor-element-234d319 elementor-widget elementor-widget-text-editor\" data-id=\"234d319\" data-element_type=\"widget\" data-e-type=\"widget\" data-widget_type=\"text-editor.default\">\n\t\t\t\t\t\t\t\t\tCamping Baztan S.L. se r\u00e9serve le droit de mettre \u00e0 jour, modifier ou supprimer les informations contenues sur son site web, ainsi que sa configuration ou sa pr\u00e9sentation, \u00e0 tout moment, sans pr\u00e9avis et sans assumer aucune responsabilit\u00e9 \u00e0 cet \u00e9gard.\t\t\t\t\t\t\t\t<\/div>\n\t\t\t\t<\/div>\n\t\t<div class=\"elementor-element elementor-element-b1fb7dc e-con-full e-flex e-con e-child\" data-id=\"b1fb7dc\" data-element_type=\"container\" data-e-type=\"container\" data-settings=\"{&quot;jet_parallax_layout_list&quot;:[]}\">\n\t\t\t\t<div class=\"elementor-element elementor-element-9d8bcc2 elementor-widget elementor-widget-heading\" data-id=\"9d8bcc2\" data-element_type=\"widget\" data-e-type=\"widget\" data-widget_type=\"heading.default\">\n\t\t\t\t\t<h2 class=\"elementor-heading-title elementor-size-default\">4. Traitement des donn\u00e9es de l\u2019utilisateur.<\/h2>\t\t\t\t<\/div>\n\t\t\t\t<div data-dce-text-color=\"#000000\" class=\"elementor-element elementor-element-23821a9 elementor-widget elementor-widget-text-editor\" data-id=\"23821a9\" data-element_type=\"widget\" data-e-type=\"widget\" data-widget_type=\"text-editor.default\">\n\t\t\t\t\t\t\t\t\tLorsque l\u2019utilisateur fournit ses donn\u00e9es personnelles via nos formulaires de contact, il autorise express\u00e9ment Camping Baztan S.L. \u00e0 proc\u00e9der au traitement automatis\u00e9 de ses Donn\u00e9es Personnelles afin de r\u00e9pondre \u00e0 sa demande de services. Camping Baztan S.L. int\u00e9grera les donn\u00e9es fournies par l\u2019utilisateur dans un fichier dont elle est propri\u00e9taire, disposant de toutes les mesures de s\u00e9curit\u00e9 n\u00e9cessaires et exig\u00e9es par la r\u00e9glementation en vigueur en mati\u00e8re de protection des donn\u00e9es. Camping Baztan S.L. ne c\u00e9dera ni ne communiquera les donn\u00e9es recueillies \u00e0 des tiers sans le consentement pr\u00e9alable expr\u00e8s de l\u2019utilisateur, sauf si cette communication est n\u00e9cessaire pour fournir le service demand\u00e9 par l\u2019utilisateur. L\u2019utilisateur pourra exercer ses droits d\u2019acc\u00e8s, de rectification, de suppression et d\u2019opposition en s\u2019adressant par \u00e9crit \u00e0 Camping Baztan S.L.   \t\t\t\t\t\t\t\t<\/div>\n\t\t\t\t<div class=\"elementor-element elementor-element-1f93c32 elementor-widget elementor-widget-spacer\" data-id=\"1f93c32\" data-element_type=\"widget\" data-e-type=\"widget\" data-widget_type=\"spacer.default\">\n\t\t\t\t\t\t\t<div class=\"elementor-spacer\">\n\t\t\t<div class=\"elementor-spacer-inner\"><\/div>\n\t\t<\/div>\n\t\t\t\t\t\t<\/div>\n\t\t\t\t<div class=\"elementor-element elementor-element-ec23f39 elementor-widget elementor-widget-heading\" data-id=\"ec23f39\" data-element_type=\"widget\" data-e-type=\"widget\" data-widget_type=\"heading.default\">\n\t\t\t\t\t<h2 class=\"elementor-heading-title elementor-size-default\">5. L\u00e9gislation et juridiction applicable.\n<\/h2>\t\t\t\t<\/div>\n\t\t\t\t<div data-dce-text-color=\"#000000\" class=\"elementor-element elementor-element-20e4f0a elementor-widget elementor-widget-text-editor\" data-id=\"20e4f0a\" data-element_type=\"widget\" data-e-type=\"widget\" data-widget_type=\"text-editor.default\">\n\t\t\t\t\t\t\t\t\tDe mani\u00e8re g\u00e9n\u00e9rale, les relations avec les utilisateurs d\u00e9coulant de la prestation des services contenus sur ce site web sont soumises \u00e0 la l\u00e9gislation et \u00e0 la juridiction espagnoles. Les utilisateurs de ce site web reconnaissent avoir pris connaissance de ce qui pr\u00e9c\u00e8de et l\u2019acceptent volontairement. \t\t\t\t\t\t\t\t<\/div>\n\t\t\t\t<\/div>\n\t\t\t\t\t<\/div>\n\t\t\t\t<\/div>\n\t\t<div class=\"elementor-element elementor-element-52c0591 e-flex e-con-boxed e-con e-parent\" data-id=\"52c0591\" data-element_type=\"container\" data-e-type=\"container\" data-settings=\"{&quot;jet_parallax_layout_list&quot;:[]}\">\n\t\t\t\t\t<div class=\"e-con-inner\">\n\t\t<div class=\"elementor-element elementor-element-a1e1a3d e-con-full e-flex e-con e-child\" data-id=\"a1e1a3d\" data-element_type=\"container\" data-e-type=\"container\" data-settings=\"{&quot;jet_parallax_layout_list&quot;:[]}\">\n\t\t\t\t<div class=\"elementor-element elementor-element-d010720 elementor-widget elementor-widget-heading\" data-id=\"d010720\" data-element_type=\"widget\" data-e-type=\"widget\" data-widget_type=\"heading.default\">\n\t\t\t\t\t<h2 class=\"elementor-heading-title elementor-size-default\">La Direction<\/h2>\t\t\t\t<\/div>\n\t\t\t\t<\/div>\n\t\t\t\t\t<\/div>\n\t\t\t\t<\/div>\n\t\t\t\t<\/div>\n\t\t","protected":false},"excerpt":{"rendered":"<p>Mentions l\u00e9gales et politique de confidentialit\u00e9 Cette page est la propri\u00e9t\u00e9 de Camping Baztan S.L. et a un caract\u00e8re purement informatif concernant les services propos\u00e9s par notre camping. Le fait d\u2019acc\u00e9der \u00e0 cette page implique la connaissance et l\u2019acceptation des conditions d\u2019utilisation suivantes. 1. Propri\u00e9t\u00e9 du site web. Le nom de domaine www.campingbaztan.com est enregistr\u00e9 [&hellip;]<\/p>\n","protected":false},"author":1,"featured_media":0,"parent":0,"menu_order":166,"comment_status":"closed","ping_status":"closed","template":"elementor_header_footer","meta":{"footnotes":""},"class_list":["post-8629","page","type-page","status-publish","hentry"],"yoast_head":"<!-- This site is optimized with the Yoast SEO plugin v27.4 - https:\/\/yoast.com\/product\/yoast-seo-wordpress\/ -->\n<title>Mentions l\u00e9gales et politique de confidentialit\u00e9 - Camping Bazt\u00e1n<\/title>\n<meta name=\"robots\" content=\"index, follow, max-snippet:-1, max-image-preview:large, max-video-preview:-1\" \/>\n<link rel=\"canonical\" href=\"https:\/\/www.campingbaztan.com\/fr\/mentions-legales-et-politique-de-confidentialite\/\" \/>\n<meta property=\"og:locale\" content=\"fr_FR\" \/>\n<meta property=\"og:type\" content=\"article\" \/>\n<meta property=\"og:title\" content=\"Mentions l\u00e9gales et politique de confidentialit\u00e9 - Camping Bazt\u00e1n\" \/>\n<meta property=\"og:description\" content=\"Mentions l\u00e9gales et politique de confidentialit\u00e9 Cette page est la propri\u00e9t\u00e9 de Camping Baztan S.L. et a un caract\u00e8re purement informatif concernant les services propos\u00e9s par notre camping. Le fait d\u2019acc\u00e9der \u00e0 cette page implique la connaissance et l\u2019acceptation des conditions d\u2019utilisation suivantes. 1. Propri\u00e9t\u00e9 du site web. Le nom de domaine www.campingbaztan.com est enregistr\u00e9 [&hellip;]\" \/>\n<meta property=\"og:url\" content=\"https:\/\/www.campingbaztan.com\/fr\/mentions-legales-et-politique-de-confidentialite\/\" \/>\n<meta property=\"og:site_name\" content=\"Camping Bazt\u00e1n\" \/>\n<meta property=\"article:modified_time\" content=\"2026-04-08T16:24:19+00:00\" \/>\n<meta name=\"twitter:card\" content=\"summary_large_image\" \/>\n<meta name=\"twitter:label1\" content=\"Dur\u00e9e de lecture estim\u00e9e\" \/>\n\t<meta name=\"twitter:data1\" content=\"2 minutes\" \/>\n<script type=\"application\/ld+json\" class=\"yoast-schema-graph\">{\"@context\":\"https:\\\/\\\/schema.org\",\"@graph\":[{\"@type\":\"WebPage\",\"@id\":\"https:\\\/\\\/www.campingbaztan.com\\\/fr\\\/mentions-legales-et-politique-de-confidentialite\\\/\",\"url\":\"https:\\\/\\\/www.campingbaztan.com\\\/fr\\\/mentions-legales-et-politique-de-confidentialite\\\/\",\"name\":\"Mentions l\u00e9gales et politique de confidentialit\u00e9 - Camping Bazt\u00e1n\",\"isPartOf\":{\"@id\":\"https:\\\/\\\/www.campingbaztan.com\\\/fr\\\/#website\"},\"datePublished\":\"2026-02-16T17:06:07+00:00\",\"dateModified\":\"2026-04-08T16:24:19+00:00\",\"breadcrumb\":{\"@id\":\"https:\\\/\\\/www.campingbaztan.com\\\/fr\\\/mentions-legales-et-politique-de-confidentialite\\\/#breadcrumb\"},\"inLanguage\":\"fr-FR\",\"potentialAction\":[{\"@type\":\"ReadAction\",\"target\":[\"https:\\\/\\\/www.campingbaztan.com\\\/fr\\\/mentions-legales-et-politique-de-confidentialite\\\/\"]}]},{\"@type\":\"BreadcrumbList\",\"@id\":\"https:\\\/\\\/www.campingbaztan.com\\\/fr\\\/mentions-legales-et-politique-de-confidentialite\\\/#breadcrumb\",\"itemListElement\":[{\"@type\":\"ListItem\",\"position\":1,\"name\":\"Camping Bazt\u00e1n\",\"item\":\"https:\\\/\\\/baztan.imacnol.es\\\/fr\\\/accueil\\\/\"},{\"@type\":\"ListItem\",\"position\":2,\"name\":\"Mentions l\u00e9gales et politique de confidentialit\u00e9\"}]},{\"@type\":\"WebSite\",\"@id\":\"https:\\\/\\\/www.campingbaztan.com\\\/fr\\\/#website\",\"url\":\"https:\\\/\\\/www.campingbaztan.com\\\/fr\\\/\",\"name\":\"Camping Bazt\u00e1n\",\"description\":\"Camping 4 Estrellas en el Valle del Bazt\u00e1n \u00b7 Erratzu, Norte de Navarra\",\"publisher\":{\"@id\":\"https:\\\/\\\/www.campingbaztan.com\\\/fr\\\/#organization\"},\"alternateName\":\"Camping Bazt\u00e1n\",\"potentialAction\":[{\"@type\":\"SearchAction\",\"target\":{\"@type\":\"EntryPoint\",\"urlTemplate\":\"https:\\\/\\\/www.campingbaztan.com\\\/fr\\\/?s={search_term_string}\"},\"query-input\":{\"@type\":\"PropertyValueSpecification\",\"valueRequired\":true,\"valueName\":\"search_term_string\"}}],\"inLanguage\":\"fr-FR\"},{\"@type\":\"Organization\",\"@id\":\"https:\\\/\\\/www.campingbaztan.com\\\/fr\\\/#organization\",\"name\":\"Camping Bazt\u00e1n\",\"alternateName\":\"Camping Bazt\u00e1n\",\"url\":\"https:\\\/\\\/www.campingbaztan.com\\\/fr\\\/\",\"logo\":{\"@type\":\"ImageObject\",\"inLanguage\":\"fr-FR\",\"@id\":\"https:\\\/\\\/www.campingbaztan.com\\\/fr\\\/#\\\/schema\\\/logo\\\/image\\\/\",\"url\":\"https:\\\/\\\/www.campingbaztan.com\\\/wp-content\\\/uploads\\\/logo-camping-baztan.webp\",\"contentUrl\":\"https:\\\/\\\/www.campingbaztan.com\\\/wp-content\\\/uploads\\\/logo-camping-baztan.webp\",\"width\":800,\"height\":800,\"caption\":\"Camping Bazt\u00e1n\"},\"image\":{\"@id\":\"https:\\\/\\\/www.campingbaztan.com\\\/fr\\\/#\\\/schema\\\/logo\\\/image\\\/\"}}]}<\/script>\n<!-- \/ Yoast SEO plugin. -->","yoast_head_json":{"title":"Mentions l\u00e9gales et politique de confidentialit\u00e9 - Camping Bazt\u00e1n","robots":{"index":"index","follow":"follow","max-snippet":"max-snippet:-1","max-image-preview":"max-image-preview:large","max-video-preview":"max-video-preview:-1"},"canonical":"https:\/\/www.campingbaztan.com\/fr\/mentions-legales-et-politique-de-confidentialite\/","og_locale":"fr_FR","og_type":"article","og_title":"Mentions l\u00e9gales et politique de confidentialit\u00e9 - Camping Bazt\u00e1n","og_description":"Mentions l\u00e9gales et politique de confidentialit\u00e9 Cette page est la propri\u00e9t\u00e9 de Camping Baztan S.L. et a un caract\u00e8re purement informatif concernant les services propos\u00e9s par notre camping. Le fait d\u2019acc\u00e9der \u00e0 cette page implique la connaissance et l\u2019acceptation des conditions d\u2019utilisation suivantes. 1. Propri\u00e9t\u00e9 du site web. Le nom de domaine www.campingbaztan.com est enregistr\u00e9 [&hellip;]","og_url":"https:\/\/www.campingbaztan.com\/fr\/mentions-legales-et-politique-de-confidentialite\/","og_site_name":"Camping Bazt\u00e1n","article_modified_time":"2026-04-08T16:24:19+00:00","twitter_card":"summary_large_image","twitter_misc":{"Dur\u00e9e de lecture estim\u00e9e":"2 minutes"},"schema":{"@context":"https:\/\/schema.org","@graph":[{"@type":"WebPage","@id":"https:\/\/www.campingbaztan.com\/fr\/mentions-legales-et-politique-de-confidentialite\/","url":"https:\/\/www.campingbaztan.com\/fr\/mentions-legales-et-politique-de-confidentialite\/","name":"Mentions l\u00e9gales et politique de confidentialit\u00e9 - Camping Bazt\u00e1n","isPartOf":{"@id":"https:\/\/www.campingbaztan.com\/fr\/#website"},"datePublished":"2026-02-16T17:06:07+00:00","dateModified":"2026-04-08T16:24:19+00:00","breadcrumb":{"@id":"https:\/\/www.campingbaztan.com\/fr\/mentions-legales-et-politique-de-confidentialite\/#breadcrumb"},"inLanguage":"fr-FR","potentialAction":[{"@type":"ReadAction","target":["https:\/\/www.campingbaztan.com\/fr\/mentions-legales-et-politique-de-confidentialite\/"]}]},{"@type":"BreadcrumbList","@id":"https:\/\/www.campingbaztan.com\/fr\/mentions-legales-et-politique-de-confidentialite\/#breadcrumb","itemListElement":[{"@type":"ListItem","position":1,"name":"Camping Bazt\u00e1n","item":"https:\/\/baztan.imacnol.es\/fr\/accueil\/"},{"@type":"ListItem","position":2,"name":"Mentions l\u00e9gales et politique de confidentialit\u00e9"}]},{"@type":"WebSite","@id":"https:\/\/www.campingbaztan.com\/fr\/#website","url":"https:\/\/www.campingbaztan.com\/fr\/","name":"Camping Bazt\u00e1n","description":"Camping 4 Estrellas en el Valle del Bazt\u00e1n \u00b7 Erratzu, Norte de Navarra","publisher":{"@id":"https:\/\/www.campingbaztan.com\/fr\/#organization"},"alternateName":"Camping Bazt\u00e1n","potentialAction":[{"@type":"SearchAction","target":{"@type":"EntryPoint","urlTemplate":"https:\/\/www.campingbaztan.com\/fr\/?s={search_term_string}"},"query-input":{"@type":"PropertyValueSpecification","valueRequired":true,"valueName":"search_term_string"}}],"inLanguage":"fr-FR"},{"@type":"Organization","@id":"https:\/\/www.campingbaztan.com\/fr\/#organization","name":"Camping Bazt\u00e1n","alternateName":"Camping Bazt\u00e1n","url":"https:\/\/www.campingbaztan.com\/fr\/","logo":{"@type":"ImageObject","inLanguage":"fr-FR","@id":"https:\/\/www.campingbaztan.com\/fr\/#\/schema\/logo\/image\/","url":"https:\/\/www.campingbaztan.com\/wp-content\/uploads\/logo-camping-baztan.webp","contentUrl":"https:\/\/www.campingbaztan.com\/wp-content\/uploads\/logo-camping-baztan.webp","width":800,"height":800,"caption":"Camping Bazt\u00e1n"},"image":{"@id":"https:\/\/www.campingbaztan.com\/fr\/#\/schema\/logo\/image\/"}}]}},"_links":{"self":[{"href":"https:\/\/www.campingbaztan.com\/fr\/wp-json\/wp\/v2\/pages\/8629","targetHints":{"allow":["GET"]}}],"collection":[{"href":"https:\/\/www.campingbaztan.com\/fr\/wp-json\/wp\/v2\/pages"}],"about":[{"href":"https:\/\/www.campingbaztan.com\/fr\/wp-json\/wp\/v2\/types\/page"}],"author":[{"embeddable":true,"href":"https:\/\/www.campingbaztan.com\/fr\/wp-json\/wp\/v2\/users\/1"}],"replies":[{"embeddable":true,"href":"https:\/\/www.campingbaztan.com\/fr\/wp-json\/wp\/v2\/comments?post=8629"}],"version-history":[{"count":1,"href":"https:\/\/www.campingbaztan.com\/fr\/wp-json\/wp\/v2\/pages\/8629\/revisions"}],"predecessor-version":[{"id":12144,"href":"https:\/\/www.campingbaztan.com\/fr\/wp-json\/wp\/v2\/pages\/8629\/revisions\/12144"}],"wp:attachment":[{"href":"https:\/\/www.campingbaztan.com\/fr\/wp-json\/wp\/v2\/media?parent=8629"}],"curies":[{"name":"wp","href":"https:\/\/api.w.org\/{rel}","templated":true}]}}