{"id":8637,"date":"2026-02-16T17:53:27","date_gmt":"2026-02-16T16:53:27","guid":{"rendered":"https:\/\/baztan.imacnol.es\/condicions-de-reserva\/"},"modified":"2026-04-08T18:24:58","modified_gmt":"2026-04-08T16:24:58","slug":"condicions-de-reserva","status":"publish","type":"page","link":"https:\/\/www.campingbaztan.com\/ca\/condicions-de-reserva\/","title":{"rendered":"Condicions de reserva"},"content":{"rendered":"\t\t<div data-elementor-type=\"wp-page\" data-elementor-id=\"8637\" class=\"elementor elementor-8637 elementor-1570\" data-elementor-post-type=\"page\">\n\t\t\t\t<div data-dce-background-color=\"#475242\" data-dce-background-overlay-color=\"#000000\" data-dce-background-image-url=\"https:\/\/www.campingbaztan.com\/wp-content\/uploads\/camping-baztan-filigrana-hero-utilidades.png\" class=\"elementor-element elementor-element-b1fcca4 e-con-full e-flex e-con e-parent\" data-id=\"b1fcca4\" data-element_type=\"container\" data-e-type=\"container\" data-settings=\"{&quot;background_background&quot;:&quot;classic&quot;,&quot;jet_parallax_layout_list&quot;:[]}\">\n\t\t<div class=\"elementor-element elementor-element-1bcfe87 e-flex e-con-boxed e-con e-child\" data-id=\"1bcfe87\" data-element_type=\"container\" data-e-type=\"container\" data-settings=\"{&quot;jet_parallax_layout_list&quot;:[]}\">\n\t\t\t\t\t<div class=\"e-con-inner\">\n\t\t\t\t<div class=\"elementor-element elementor-element-96f34bf elementor-widget elementor-widget-heading\" data-id=\"96f34bf\" data-element_type=\"widget\" data-e-type=\"widget\" data-widget_type=\"heading.default\">\n\t\t\t\t\t<h1 class=\"elementor-heading-title elementor-size-default\">Condicions de reserva<\/h1>\t\t\t\t<\/div>\n\t\t\t\t\t<\/div>\n\t\t\t\t<\/div>\n\t\t\t\t<\/div>\n\t\t<div class=\"elementor-element elementor-element-747415c e-flex e-con-boxed e-con e-parent\" data-id=\"747415c\" data-element_type=\"container\" data-e-type=\"container\" data-settings=\"{&quot;jet_parallax_layout_list&quot;:[]}\">\n\t\t\t\t\t<div class=\"e-con-inner\">\n\t\t<div class=\"elementor-element elementor-element-697542b e-con-full e-flex e-con e-child\" data-id=\"697542b\" data-element_type=\"container\" data-e-type=\"container\" data-settings=\"{&quot;jet_parallax_layout_list&quot;:[]}\">\n\t\t\t\t<div class=\"elementor-element elementor-element-568dd43 elementor-widget elementor-widget-heading\" data-id=\"568dd43\" data-element_type=\"widget\" data-e-type=\"widget\" data-widget_type=\"heading.default\">\n\t\t\t\t\t<h2 class=\"elementor-heading-title elementor-size-default\">Reserva<\/h2>\t\t\t\t<\/div>\n\t\t\t\t<div data-dce-text-color=\"#000000\" class=\"elementor-element elementor-element-8fde15a elementor-widget elementor-widget-text-editor\" data-id=\"8fde15a\" data-element_type=\"widget\" data-e-type=\"widget\" data-widget_type=\"text-editor.default\">\n\t\t\t\t\t\t\t\t\tLa reserva es considerar\u00e0 efectiva quan la direcci\u00f3 del c\u00e0mping hagi rebut un ingr\u00e9s bancari o gir postal per l\u2019import d\u2019una nit d\u2019estada segons les tarifes vigents. La resta de la reserva es pagar\u00e0 a l\u2019arribada a l\u2019allotjament reservat. \t\t\t\t\t\t\t\t<\/div>\n\t\t\t\t<div class=\"elementor-element elementor-element-73cecfe elementor-widget elementor-widget-spacer\" data-id=\"73cecfe\" data-element_type=\"widget\" data-e-type=\"widget\" data-widget_type=\"spacer.default\">\n\t\t\t\t\t\t\t<div class=\"elementor-spacer\">\n\t\t\t<div class=\"elementor-spacer-inner\"><\/div>\n\t\t<\/div>\n\t\t\t\t\t\t<\/div>\n\t\t\t\t<div class=\"elementor-element elementor-element-6017f60 elementor-widget elementor-widget-heading\" data-id=\"6017f60\" data-element_type=\"widget\" data-e-type=\"widget\" data-widget_type=\"heading.default\">\n\t\t\t\t\t<h2 class=\"elementor-heading-title elementor-size-default\">Molt important<\/h2>\t\t\t\t<\/div>\n\t\t\t\t<div data-dce-text-color=\"#000000\" class=\"elementor-element elementor-element-1df900a elementor-widget elementor-widget-text-editor\" data-id=\"1df900a\" data-element_type=\"widget\" data-e-type=\"widget\" data-widget_type=\"text-editor.default\">\n\t\t\t\t\t\t\t\t\tEs dipositar\u00e0 una fian\u00e7a de 70 euros a la recepci\u00f3 del c\u00e0mping per cobrir possibles desperfectes derivats de l\u2019\u00fas dels Bungalows i Allotjaments familiars. Aquesta fian\u00e7a es retornar\u00e0 en finalitzar l\u2019estada si el Bungalow o Allotjament familiar es troba en el mateix estat en qu\u00e8 es va trobar. \t\t\t\t\t\t\t\t<\/div>\n\t\t\t\t<div class=\"elementor-element elementor-element-ccfef0a elementor-widget elementor-widget-spacer\" data-id=\"ccfef0a\" data-element_type=\"widget\" data-e-type=\"widget\" data-widget_type=\"spacer.default\">\n\t\t\t\t\t\t\t<div class=\"elementor-spacer\">\n\t\t\t<div class=\"elementor-spacer-inner\"><\/div>\n\t\t<\/div>\n\t\t\t\t\t\t<\/div>\n\t\t\t\t<div class=\"elementor-element elementor-element-5cc4efd elementor-widget elementor-widget-heading\" data-id=\"5cc4efd\" data-element_type=\"widget\" data-e-type=\"widget\" data-widget_type=\"heading.default\">\n\t\t\t\t\t<h2 class=\"elementor-heading-title elementor-size-default\">Entrada - Sortida<\/h2>\t\t\t\t<\/div>\n\t\t\t\t<div data-dce-text-color=\"#000000\" class=\"elementor-element elementor-element-916df3a elementor-widget elementor-widget-text-editor\" data-id=\"916df3a\" data-element_type=\"widget\" data-e-type=\"widget\" data-widget_type=\"text-editor.default\">\n\t\t\t\t\t\t\t\t\t<p><strong>Bungalows i allotjaments familiars<\/strong>: les entrades es realitzaran a partir de les 14 hores. Les sortides es realitzaran com a m\u00e0xim a les 11 hores. <\/p><p><strong>C\u00e0mping<\/strong>: durant tota la temporada, la jornada d\u2019estada ser\u00e0 de les 12 del migdia a les 12 del migdia del dia seg\u00fcent.<\/p>\t\t\t\t\t\t\t\t<\/div>\n\t\t\t\t<\/div>\n\t\t<div class=\"elementor-element elementor-element-5cdce67 e-con-full e-flex e-con e-child\" data-id=\"5cdce67\" data-element_type=\"container\" data-e-type=\"container\" data-settings=\"{&quot;jet_parallax_layout_list&quot;:[]}\">\n\t\t\t\t<div class=\"elementor-element elementor-element-8503aa8 elementor-widget elementor-widget-heading\" data-id=\"8503aa8\" data-element_type=\"widget\" data-e-type=\"widget\" data-widget_type=\"heading.default\">\n\t\t\t\t\t<h2 class=\"elementor-heading-title elementor-size-default\">Anul\u00b7lacions<\/h2>\t\t\t\t<\/div>\n\t\t\t\t<div data-dce-text-color=\"#000000\" class=\"elementor-element elementor-element-b78f5a8 elementor-widget elementor-widget-text-editor\" data-id=\"b78f5a8\" data-element_type=\"widget\" data-e-type=\"widget\" data-widget_type=\"text-editor.default\">\n\t\t\t\t\t\t\t\t\tTota anul\u00b7laci\u00f3 de reserva haur\u00e0 de ser realitzada PER ESCRIT (les anul\u00b7lacions per tel\u00e8fon no s\u00f3n acceptades). En les anul\u00b7lacions de reserves de Temporada Mitjana i Alta, l\u2019avan\u00e7ament es retornar\u00e0 \u00edntegrament si es realitzen amb m\u00e9s d\u2019un mes d\u2019antelaci\u00f3. Si l\u2019anul\u00b7laci\u00f3 es realitza entre 15 dies i un mes abans de l\u2019arribada, el c\u00e0mping podr\u00e0 retenir el 50% de l\u2019avan\u00e7ament. Si l\u2019anul\u00b7laci\u00f3 es produeix dins dels 15 dies abans de l\u2019arribada, el c\u00e0mping podr\u00e0 retenir el 100% de l\u2019avan\u00e7ament. Un cop iniciada l\u2019estada reservada als Bungalows i Allotjaments familiars, l\u2019abandonament dels mateixos abans de les dates contractades no donar\u00e0 dret a cap descompte. L\u2019anul\u00b7laci\u00f3 de la reserva comportar\u00e0 unes despeses de 2 \u20ac.     \t\t\t\t\t\t\t\t<\/div>\n\t\t\t\t<div class=\"elementor-element elementor-element-433881b elementor-widget elementor-widget-spacer\" data-id=\"433881b\" data-element_type=\"widget\" data-e-type=\"widget\" data-widget_type=\"spacer.default\">\n\t\t\t\t\t\t\t<div class=\"elementor-spacer\">\n\t\t\t<div class=\"elementor-spacer-inner\"><\/div>\n\t\t<\/div>\n\t\t\t\t\t\t<\/div>\n\t\t\t\t<div class=\"elementor-element elementor-element-4800a4b elementor-widget elementor-widget-heading\" data-id=\"4800a4b\" data-element_type=\"widget\" data-e-type=\"widget\" data-widget_type=\"heading.default\">\n\t\t\t\t\t<h2 class=\"elementor-heading-title elementor-size-default\">Devoluci\u00f3 del dip\u00f2sit de reserva o del pagament de l\u2019estada<\/h2>\t\t\t\t<\/div>\n\t\t\t\t<div data-dce-text-color=\"#000000\" class=\"elementor-element elementor-element-3ec95a9 elementor-widget elementor-widget-text-editor\" data-id=\"3ec95a9\" data-element_type=\"widget\" data-e-type=\"widget\" data-widget_type=\"text-editor.default\">\n\t\t\t\t\t\t\t\t\t\u00danicament en cas d\u2019hospitalitzaci\u00f3 o de defunci\u00f3 d\u2019un membre de la fam\u00edlia, presentant justificant.\t\t\t\t\t\t\t\t<\/div>\n\t\t\t\t<div class=\"elementor-element elementor-element-ce89819 elementor-widget elementor-widget-spacer\" data-id=\"ce89819\" data-element_type=\"widget\" data-e-type=\"widget\" data-widget_type=\"spacer.default\">\n\t\t\t\t\t\t\t<div class=\"elementor-spacer\">\n\t\t\t<div class=\"elementor-spacer-inner\"><\/div>\n\t\t<\/div>\n\t\t\t\t\t\t<\/div>\n\t\t\t\t<div class=\"elementor-element elementor-element-4a8957a elementor-widget elementor-widget-heading\" data-id=\"4a8957a\" data-element_type=\"widget\" data-e-type=\"widget\" data-widget_type=\"heading.default\">\n\t\t\t\t\t<h2 class=\"elementor-heading-title elementor-size-default\">Estada<\/h2>\t\t\t\t<\/div>\n\t\t\t\t<div data-dce-text-color=\"#000000\" class=\"elementor-element elementor-element-12a4f54 elementor-widget elementor-widget-text-editor\" data-id=\"12a4f54\" data-element_type=\"widget\" data-e-type=\"widget\" data-widget_type=\"text-editor.default\">\n\t\t\t\t\t\t\t\t\t\u00c9s obligatori portar la polsera per a l\u2019\u00fas de la piscina, que se li lliurar\u00e0 a l\u2019arribada.\t\t\t\t\t\t\t\t<\/div>\n\t\t\t\t<\/div>\n\t\t\t\t\t<\/div>\n\t\t\t\t<\/div>\n\t\t<div class=\"elementor-element elementor-element-52c0591 e-flex e-con-boxed e-con e-parent\" data-id=\"52c0591\" data-element_type=\"container\" data-e-type=\"container\" data-settings=\"{&quot;jet_parallax_layout_list&quot;:[]}\">\n\t\t\t\t\t<div class=\"e-con-inner\">\n\t\t<div class=\"elementor-element elementor-element-a1e1a3d e-con-full e-flex e-con e-child\" data-id=\"a1e1a3d\" data-element_type=\"container\" data-e-type=\"container\" data-settings=\"{&quot;jet_parallax_layout_list&quot;:[]}\">\n\t\t\t\t<div class=\"elementor-element elementor-element-d010720 elementor-widget elementor-widget-heading\" data-id=\"d010720\" data-element_type=\"widget\" data-e-type=\"widget\" data-widget_type=\"heading.default\">\n\t\t\t\t\t<h2 class=\"elementor-heading-title elementor-size-default\">La Direcci\u00f3<\/h2>\t\t\t\t<\/div>\n\t\t\t\t<\/div>\n\t\t\t\t\t<\/div>\n\t\t\t\t<\/div>\n\t\t\t\t<\/div>\n\t\t","protected":false},"excerpt":{"rendered":"<p>Condicions de reserva Reserva La reserva es considerar\u00e0 efectiva quan la direcci\u00f3 del c\u00e0mping hagi rebut un ingr\u00e9s bancari o gir postal per l\u2019import d\u2019una nit d\u2019estada segons les tarifes vigents. La resta de la reserva es pagar\u00e0 a l\u2019arribada a l\u2019allotjament reservat. Molt important Es dipositar\u00e0 una fian\u00e7a de 70 euros a la recepci\u00f3 [&hellip;]<\/p>\n","protected":false},"author":1,"featured_media":0,"parent":0,"menu_order":173,"comment_status":"closed","ping_status":"closed","template":"elementor_header_footer","meta":{"footnotes":""},"class_list":["post-8637","page","type-page","status-publish","hentry"],"yoast_head":"<!-- This site is optimized with the Yoast SEO plugin v27.4 - https:\/\/yoast.com\/product\/yoast-seo-wordpress\/ -->\n<title>Condicions de reserva - Camping Bazt\u00e1n<\/title>\n<meta name=\"robots\" content=\"index, follow, max-snippet:-1, max-image-preview:large, max-video-preview:-1\" \/>\n<link rel=\"canonical\" href=\"https:\/\/www.campingbaztan.com\/ca\/condicions-de-reserva\/\" \/>\n<meta property=\"og:locale\" content=\"ca_ES\" \/>\n<meta property=\"og:type\" content=\"article\" \/>\n<meta property=\"og:title\" content=\"Condicions de reserva - Camping Bazt\u00e1n\" \/>\n<meta property=\"og:description\" content=\"Condicions de reserva Reserva La reserva es considerar\u00e0 efectiva quan la direcci\u00f3 del c\u00e0mping hagi rebut un ingr\u00e9s bancari o gir postal per l\u2019import d\u2019una nit d\u2019estada segons les tarifes vigents. La resta de la reserva es pagar\u00e0 a l\u2019arribada a l\u2019allotjament reservat. Molt important Es dipositar\u00e0 una fian\u00e7a de 70 euros a la recepci\u00f3 [&hellip;]\" \/>\n<meta property=\"og:url\" content=\"https:\/\/www.campingbaztan.com\/ca\/condicions-de-reserva\/\" \/>\n<meta property=\"og:site_name\" content=\"Camping Bazt\u00e1n\" \/>\n<meta property=\"article:modified_time\" content=\"2026-04-08T16:24:58+00:00\" \/>\n<meta name=\"twitter:card\" content=\"summary_large_image\" \/>\n<meta name=\"twitter:label1\" content=\"Temps estimat de lectura\" \/>\n\t<meta name=\"twitter:data1\" content=\"2 minuts\" \/>\n<script type=\"application\/ld+json\" class=\"yoast-schema-graph\">{\"@context\":\"https:\\\/\\\/schema.org\",\"@graph\":[{\"@type\":\"WebPage\",\"@id\":\"https:\\\/\\\/www.campingbaztan.com\\\/ca\\\/condicions-de-reserva\\\/\",\"url\":\"https:\\\/\\\/www.campingbaztan.com\\\/ca\\\/condicions-de-reserva\\\/\",\"name\":\"Condicions de reserva - Camping Bazt\u00e1n\",\"isPartOf\":{\"@id\":\"https:\\\/\\\/www.campingbaztan.com\\\/ca\\\/#website\"},\"datePublished\":\"2026-02-16T16:53:27+00:00\",\"dateModified\":\"2026-04-08T16:24:58+00:00\",\"breadcrumb\":{\"@id\":\"https:\\\/\\\/www.campingbaztan.com\\\/ca\\\/condicions-de-reserva\\\/#breadcrumb\"},\"inLanguage\":\"ca\",\"potentialAction\":[{\"@type\":\"ReadAction\",\"target\":[\"https:\\\/\\\/www.campingbaztan.com\\\/ca\\\/condicions-de-reserva\\\/\"]}]},{\"@type\":\"BreadcrumbList\",\"@id\":\"https:\\\/\\\/www.campingbaztan.com\\\/ca\\\/condicions-de-reserva\\\/#breadcrumb\",\"itemListElement\":[{\"@type\":\"ListItem\",\"position\":1,\"name\":\"Camping Bazt\u00e1n\",\"item\":\"https:\\\/\\\/baztan.imacnol.es\\\/ca\\\/inici\\\/\"},{\"@type\":\"ListItem\",\"position\":2,\"name\":\"Condicions de reserva\"}]},{\"@type\":\"WebSite\",\"@id\":\"https:\\\/\\\/www.campingbaztan.com\\\/ca\\\/#website\",\"url\":\"https:\\\/\\\/www.campingbaztan.com\\\/ca\\\/\",\"name\":\"Camping Bazt\u00e1n\",\"description\":\"Camping 4 Estrellas en el Valle del Bazt\u00e1n \u00b7 Erratzu, Norte de Navarra\",\"publisher\":{\"@id\":\"https:\\\/\\\/www.campingbaztan.com\\\/ca\\\/#organization\"},\"alternateName\":\"Camping Bazt\u00e1n\",\"potentialAction\":[{\"@type\":\"SearchAction\",\"target\":{\"@type\":\"EntryPoint\",\"urlTemplate\":\"https:\\\/\\\/www.campingbaztan.com\\\/ca\\\/?s={search_term_string}\"},\"query-input\":{\"@type\":\"PropertyValueSpecification\",\"valueRequired\":true,\"valueName\":\"search_term_string\"}}],\"inLanguage\":\"ca\"},{\"@type\":\"Organization\",\"@id\":\"https:\\\/\\\/www.campingbaztan.com\\\/ca\\\/#organization\",\"name\":\"Camping Bazt\u00e1n\",\"alternateName\":\"Camping Bazt\u00e1n\",\"url\":\"https:\\\/\\\/www.campingbaztan.com\\\/ca\\\/\",\"logo\":{\"@type\":\"ImageObject\",\"inLanguage\":\"ca\",\"@id\":\"https:\\\/\\\/www.campingbaztan.com\\\/ca\\\/#\\\/schema\\\/logo\\\/image\\\/\",\"url\":\"https:\\\/\\\/www.campingbaztan.com\\\/wp-content\\\/uploads\\\/logo-camping-baztan.webp\",\"contentUrl\":\"https:\\\/\\\/www.campingbaztan.com\\\/wp-content\\\/uploads\\\/logo-camping-baztan.webp\",\"width\":800,\"height\":800,\"caption\":\"Camping Bazt\u00e1n\"},\"image\":{\"@id\":\"https:\\\/\\\/www.campingbaztan.com\\\/ca\\\/#\\\/schema\\\/logo\\\/image\\\/\"}}]}<\/script>\n<!-- \/ Yoast SEO plugin. -->","yoast_head_json":{"title":"Condicions de reserva - Camping Bazt\u00e1n","robots":{"index":"index","follow":"follow","max-snippet":"max-snippet:-1","max-image-preview":"max-image-preview:large","max-video-preview":"max-video-preview:-1"},"canonical":"https:\/\/www.campingbaztan.com\/ca\/condicions-de-reserva\/","og_locale":"ca_ES","og_type":"article","og_title":"Condicions de reserva - Camping Bazt\u00e1n","og_description":"Condicions de reserva Reserva La reserva es considerar\u00e0 efectiva quan la direcci\u00f3 del c\u00e0mping hagi rebut un ingr\u00e9s bancari o gir postal per l\u2019import d\u2019una nit d\u2019estada segons les tarifes vigents. La resta de la reserva es pagar\u00e0 a l\u2019arribada a l\u2019allotjament reservat. Molt important Es dipositar\u00e0 una fian\u00e7a de 70 euros a la recepci\u00f3 [&hellip;]","og_url":"https:\/\/www.campingbaztan.com\/ca\/condicions-de-reserva\/","og_site_name":"Camping Bazt\u00e1n","article_modified_time":"2026-04-08T16:24:58+00:00","twitter_card":"summary_large_image","twitter_misc":{"Temps estimat de lectura":"2 minuts"},"schema":{"@context":"https:\/\/schema.org","@graph":[{"@type":"WebPage","@id":"https:\/\/www.campingbaztan.com\/ca\/condicions-de-reserva\/","url":"https:\/\/www.campingbaztan.com\/ca\/condicions-de-reserva\/","name":"Condicions de reserva - Camping Bazt\u00e1n","isPartOf":{"@id":"https:\/\/www.campingbaztan.com\/ca\/#website"},"datePublished":"2026-02-16T16:53:27+00:00","dateModified":"2026-04-08T16:24:58+00:00","breadcrumb":{"@id":"https:\/\/www.campingbaztan.com\/ca\/condicions-de-reserva\/#breadcrumb"},"inLanguage":"ca","potentialAction":[{"@type":"ReadAction","target":["https:\/\/www.campingbaztan.com\/ca\/condicions-de-reserva\/"]}]},{"@type":"BreadcrumbList","@id":"https:\/\/www.campingbaztan.com\/ca\/condicions-de-reserva\/#breadcrumb","itemListElement":[{"@type":"ListItem","position":1,"name":"Camping Bazt\u00e1n","item":"https:\/\/baztan.imacnol.es\/ca\/inici\/"},{"@type":"ListItem","position":2,"name":"Condicions de reserva"}]},{"@type":"WebSite","@id":"https:\/\/www.campingbaztan.com\/ca\/#website","url":"https:\/\/www.campingbaztan.com\/ca\/","name":"Camping Bazt\u00e1n","description":"Camping 4 Estrellas en el Valle del Bazt\u00e1n \u00b7 Erratzu, Norte de Navarra","publisher":{"@id":"https:\/\/www.campingbaztan.com\/ca\/#organization"},"alternateName":"Camping Bazt\u00e1n","potentialAction":[{"@type":"SearchAction","target":{"@type":"EntryPoint","urlTemplate":"https:\/\/www.campingbaztan.com\/ca\/?s={search_term_string}"},"query-input":{"@type":"PropertyValueSpecification","valueRequired":true,"valueName":"search_term_string"}}],"inLanguage":"ca"},{"@type":"Organization","@id":"https:\/\/www.campingbaztan.com\/ca\/#organization","name":"Camping Bazt\u00e1n","alternateName":"Camping Bazt\u00e1n","url":"https:\/\/www.campingbaztan.com\/ca\/","logo":{"@type":"ImageObject","inLanguage":"ca","@id":"https:\/\/www.campingbaztan.com\/ca\/#\/schema\/logo\/image\/","url":"https:\/\/www.campingbaztan.com\/wp-content\/uploads\/logo-camping-baztan.webp","contentUrl":"https:\/\/www.campingbaztan.com\/wp-content\/uploads\/logo-camping-baztan.webp","width":800,"height":800,"caption":"Camping Bazt\u00e1n"},"image":{"@id":"https:\/\/www.campingbaztan.com\/ca\/#\/schema\/logo\/image\/"}}]}},"_links":{"self":[{"href":"https:\/\/www.campingbaztan.com\/ca\/wp-json\/wp\/v2\/pages\/8637","targetHints":{"allow":["GET"]}}],"collection":[{"href":"https:\/\/www.campingbaztan.com\/ca\/wp-json\/wp\/v2\/pages"}],"about":[{"href":"https:\/\/www.campingbaztan.com\/ca\/wp-json\/wp\/v2\/types\/page"}],"author":[{"embeddable":true,"href":"https:\/\/www.campingbaztan.com\/ca\/wp-json\/wp\/v2\/users\/1"}],"replies":[{"embeddable":true,"href":"https:\/\/www.campingbaztan.com\/ca\/wp-json\/wp\/v2\/comments?post=8637"}],"version-history":[{"count":1,"href":"https:\/\/www.campingbaztan.com\/ca\/wp-json\/wp\/v2\/pages\/8637\/revisions"}],"predecessor-version":[{"id":12149,"href":"https:\/\/www.campingbaztan.com\/ca\/wp-json\/wp\/v2\/pages\/8637\/revisions\/12149"}],"wp:attachment":[{"href":"https:\/\/www.campingbaztan.com\/ca\/wp-json\/wp\/v2\/media?parent=8637"}],"curies":[{"name":"wp","href":"https:\/\/api.w.org\/{rel}","templated":true}]}}