{"id":8623,"date":"2026-02-16T18:06:07","date_gmt":"2026-02-16T17:06:07","guid":{"rendered":"https:\/\/baztan.imacnol.es\/avis-legal-i-politica-de-privacitat\/"},"modified":"2026-04-08T18:23:46","modified_gmt":"2026-04-08T16:23:46","slug":"avis-legal-i-politica-de-privacitat","status":"publish","type":"page","link":"https:\/\/www.campingbaztan.com\/ca\/avis-legal-i-politica-de-privacitat\/","title":{"rendered":"Av\u00eds legal i pol\u00edtica de privacitat"},"content":{"rendered":"\t\t<div data-elementor-type=\"wp-page\" data-elementor-id=\"8623\" class=\"elementor elementor-8623 elementor-1581\" data-elementor-post-type=\"page\">\n\t\t\t\t<div data-dce-background-color=\"#475242\" data-dce-background-overlay-color=\"#000000\" data-dce-background-image-url=\"https:\/\/www.campingbaztan.com\/wp-content\/uploads\/camping-baztan-filigrana-hero-utilidades.png\" class=\"elementor-element elementor-element-b1fcca4 e-con-full e-flex e-con e-parent\" data-id=\"b1fcca4\" data-element_type=\"container\" data-e-type=\"container\" data-settings=\"{&quot;background_background&quot;:&quot;classic&quot;,&quot;jet_parallax_layout_list&quot;:[]}\">\n\t\t<div class=\"elementor-element elementor-element-1bcfe87 e-flex e-con-boxed e-con e-child\" data-id=\"1bcfe87\" data-element_type=\"container\" data-e-type=\"container\" data-settings=\"{&quot;jet_parallax_layout_list&quot;:[]}\">\n\t\t\t\t\t<div class=\"e-con-inner\">\n\t\t\t\t<div class=\"elementor-element elementor-element-96f34bf elementor-widget elementor-widget-heading\" data-id=\"96f34bf\" data-element_type=\"widget\" data-e-type=\"widget\" data-widget_type=\"heading.default\">\n\t\t\t\t\t<h1 class=\"elementor-heading-title elementor-size-default\">Av\u00eds legal i pol\u00edtica de privacitat<\/h1>\t\t\t\t<\/div>\n\t\t\t\t\t<\/div>\n\t\t\t\t<\/div>\n\t\t\t\t<\/div>\n\t\t<div class=\"elementor-element elementor-element-747415c e-flex e-con-boxed e-con e-parent\" data-id=\"747415c\" data-element_type=\"container\" data-e-type=\"container\" data-settings=\"{&quot;jet_parallax_layout_list&quot;:[]}\">\n\t\t\t\t\t<div class=\"e-con-inner\">\n\t\t<div class=\"elementor-element elementor-element-697542b e-con-full e-flex e-con e-child\" data-id=\"697542b\" data-element_type=\"container\" data-e-type=\"container\" data-settings=\"{&quot;jet_parallax_layout_list&quot;:[]}\">\n\t\t\t\t<div class=\"elementor-element elementor-element-8fde15a elementor-widget elementor-widget-text-editor\" data-id=\"8fde15a\" data-element_type=\"widget\" data-e-type=\"widget\" data-widget_type=\"text-editor.default\">\n\t\t\t\t\t\t\t\t\t<p>Aquesta p\u00e0gina \u00e9s propietat de Camping Baztan S.L. i t\u00e9 un car\u00e0cter merament informatiu sobre els serveis que ofereix el nostre c\u00e0mping. El fet d\u2019accedir a aquesta p\u00e0gina implica el coneixement i l\u2019acceptaci\u00f3 de les seg\u00fcents condicions d\u2019\u00fas. <\/p>\t\t\t\t\t\t\t\t<\/div>\n\t\t\t\t<\/div>\n\t\t\t\t\t<\/div>\n\t\t\t\t<\/div>\n\t\t<div class=\"elementor-element elementor-element-eabf873 e-flex e-con-boxed e-con e-parent\" data-id=\"eabf873\" data-element_type=\"container\" data-e-type=\"container\" data-settings=\"{&quot;jet_parallax_layout_list&quot;:[]}\">\n\t\t\t\t\t<div class=\"e-con-inner\">\n\t\t<div class=\"elementor-element elementor-element-4cade86 e-con-full e-flex e-con e-child\" data-id=\"4cade86\" data-element_type=\"container\" data-e-type=\"container\" data-settings=\"{&quot;jet_parallax_layout_list&quot;:[]}\">\n\t\t\t\t<div class=\"elementor-element elementor-element-c617c52 elementor-widget elementor-widget-heading\" data-id=\"c617c52\" data-element_type=\"widget\" data-e-type=\"widget\" data-widget_type=\"heading.default\">\n\t\t\t\t\t<h2 class=\"elementor-heading-title elementor-size-default\">1. Titularitat del lloc web.<\/h2>\t\t\t\t<\/div>\n\t\t\t\t<div data-dce-text-color=\"#000000\" class=\"elementor-element elementor-element-be6eac4 elementor-widget elementor-widget-text-editor\" data-id=\"be6eac4\" data-element_type=\"widget\" data-e-type=\"widget\" data-widget_type=\"text-editor.default\">\n\t\t\t\t\t\t\t\t\tEl nom de domini www.campingbaztan.com est\u00e0 registrat a favor de Camping Baztan S.L., NIF B-31408305, amb domicili social a Carretera de Francia s\/n, 31714 ERRATZU-BAZTAN, amb tel\u00e8fon 948 453 133 i adre\u00e7a de correu electr\u00f2nic campingbaztan@campingbaztan.com.\t\t\t\t\t\t\t\t<\/div>\n\t\t\t\t<div class=\"elementor-element elementor-element-d436433 elementor-widget elementor-widget-spacer\" data-id=\"d436433\" data-element_type=\"widget\" data-e-type=\"widget\" data-widget_type=\"spacer.default\">\n\t\t\t\t\t\t\t<div class=\"elementor-spacer\">\n\t\t\t<div class=\"elementor-spacer-inner\"><\/div>\n\t\t<\/div>\n\t\t\t\t\t\t<\/div>\n\t\t\t\t<div class=\"elementor-element elementor-element-cf030db elementor-widget elementor-widget-heading\" data-id=\"cf030db\" data-element_type=\"widget\" data-e-type=\"widget\" data-widget_type=\"heading.default\">\n\t\t\t\t\t<h2 class=\"elementor-heading-title elementor-size-default\">2. Propietat intel\u00b7lectual del lloc web.<\/h2>\t\t\t\t<\/div>\n\t\t\t\t<div data-dce-text-color=\"#000000\" class=\"elementor-element elementor-element-5bf728c elementor-widget elementor-widget-text-editor\" data-id=\"5bf728c\" data-element_type=\"widget\" data-e-type=\"widget\" data-widget_type=\"text-editor.default\">\n\t\t\t\t\t\t\t\t\tTots els drets de propietat intel\u00b7lectual del contingut d\u2019aquesta p\u00e0gina web i del seu disseny gr\u00e0fic s\u00f3n propietat exclusiva de Camping Baztan S.L. i queda prohibida la seva reproducci\u00f3 total o parcial sense l\u2019autoritzaci\u00f3 expressa de Camping Baztan S.L.\t\t\t\t\t\t\t\t<\/div>\n\t\t\t\t<div class=\"elementor-element elementor-element-4a1c098 elementor-widget elementor-widget-spacer\" data-id=\"4a1c098\" data-element_type=\"widget\" data-e-type=\"widget\" data-widget_type=\"spacer.default\">\n\t\t\t\t\t\t\t<div class=\"elementor-spacer\">\n\t\t\t<div class=\"elementor-spacer-inner\"><\/div>\n\t\t<\/div>\n\t\t\t\t\t\t<\/div>\n\t\t\t\t<div class=\"elementor-element elementor-element-50659a4 elementor-widget elementor-widget-heading\" data-id=\"50659a4\" data-element_type=\"widget\" data-e-type=\"widget\" data-widget_type=\"heading.default\">\n\t\t\t\t\t<h2 class=\"elementor-heading-title elementor-size-default\">3. Actualitzaci\u00f3 i modificaci\u00f3 del lloc web.<\/h2>\t\t\t\t<\/div>\n\t\t\t\t<div data-dce-text-color=\"#000000\" class=\"elementor-element elementor-element-234d319 elementor-widget elementor-widget-text-editor\" data-id=\"234d319\" data-element_type=\"widget\" data-e-type=\"widget\" data-widget_type=\"text-editor.default\">\n\t\t\t\t\t\t\t\t\tCamping Baztan S.L. es reserva el dret d\u2019actualitzar, modificar o eliminar la informaci\u00f3 continguda a la seva p\u00e0gina web, aix\u00ed com la seva configuraci\u00f3 o presentaci\u00f3, en qualsevol moment, sense previ av\u00eds i sense assumir cap tipus de responsabilitat per fer-ho.\t\t\t\t\t\t\t\t<\/div>\n\t\t\t\t<\/div>\n\t\t<div class=\"elementor-element elementor-element-b1fb7dc e-con-full e-flex e-con e-child\" data-id=\"b1fb7dc\" data-element_type=\"container\" data-e-type=\"container\" data-settings=\"{&quot;jet_parallax_layout_list&quot;:[]}\">\n\t\t\t\t<div class=\"elementor-element elementor-element-9d8bcc2 elementor-widget elementor-widget-heading\" data-id=\"9d8bcc2\" data-element_type=\"widget\" data-e-type=\"widget\" data-widget_type=\"heading.default\">\n\t\t\t\t\t<h2 class=\"elementor-heading-title elementor-size-default\">4. Tractament de dades de l\u2019usuari.<\/h2>\t\t\t\t<\/div>\n\t\t\t\t<div data-dce-text-color=\"#000000\" class=\"elementor-element elementor-element-23821a9 elementor-widget elementor-widget-text-editor\" data-id=\"23821a9\" data-element_type=\"widget\" data-e-type=\"widget\" data-widget_type=\"text-editor.default\">\n\t\t\t\t\t\t\t\t\tQuan l\u2019usuari facilita les seves dades de car\u00e0cter personal utilitzant els nostres formularis de contacte, autoritza expressament Camping Baztan S.L. al tractament automatitzat de les seves Dades Personals per poder atendre la seva sol\u00b7licitud de serveis. Camping Baztan S.L. inclour\u00e0 les dades facilitades per l\u2019usuari en un fitxer de la seva titularitat que comptar\u00e0 amb totes les mesures de seguretat necess\u00e0ries i exigides per la normativa vigent en mat\u00e8ria de Protecci\u00f3 de Dades. Camping Baztan S.L. no cedir\u00e0 ni comunicar\u00e0 a tercers les dades recollides sense el consentiment previ expr\u00e9s de l\u2019usuari, excepte en el cas que la comunicaci\u00f3 sigui necess\u00e0ria per prestar el servei que l\u2019usuari ens hagi sol\u00b7licitat. L\u2019usuari podr\u00e0 exercir els seus drets d\u2019acc\u00e9s, rectificaci\u00f3, cancel\u00b7laci\u00f3 i oposici\u00f3 dirigint-se per escrit a Camping Baztan S.L.   \t\t\t\t\t\t\t\t<\/div>\n\t\t\t\t<div class=\"elementor-element elementor-element-1f93c32 elementor-widget elementor-widget-spacer\" data-id=\"1f93c32\" data-element_type=\"widget\" data-e-type=\"widget\" data-widget_type=\"spacer.default\">\n\t\t\t\t\t\t\t<div class=\"elementor-spacer\">\n\t\t\t<div class=\"elementor-spacer-inner\"><\/div>\n\t\t<\/div>\n\t\t\t\t\t\t<\/div>\n\t\t\t\t<div class=\"elementor-element elementor-element-ec23f39 elementor-widget elementor-widget-heading\" data-id=\"ec23f39\" data-element_type=\"widget\" data-e-type=\"widget\" data-widget_type=\"heading.default\">\n\t\t\t\t\t<h2 class=\"elementor-heading-title elementor-size-default\">5. Legislaci\u00f3 i jurisdicci\u00f3 aplicable.\n<\/h2>\t\t\t\t<\/div>\n\t\t\t\t<div data-dce-text-color=\"#000000\" class=\"elementor-element elementor-element-20e4f0a elementor-widget elementor-widget-text-editor\" data-id=\"20e4f0a\" data-element_type=\"widget\" data-e-type=\"widget\" data-widget_type=\"text-editor.default\">\n\t\t\t\t\t\t\t\t\tAmb car\u00e0cter general, les relacions amb els usuaris derivades de la prestaci\u00f3 de serveis continguts en aquesta p\u00e0gina web estan sotmeses a la legislaci\u00f3 i jurisdicci\u00f3 espanyola. Els usuaris d\u2019aquesta p\u00e0gina web s\u00f3n conscients de tot l\u2019exposat i ho accepten volunt\u00e0riament. \t\t\t\t\t\t\t\t<\/div>\n\t\t\t\t<\/div>\n\t\t\t\t\t<\/div>\n\t\t\t\t<\/div>\n\t\t<div class=\"elementor-element elementor-element-52c0591 e-flex e-con-boxed e-con e-parent\" data-id=\"52c0591\" data-element_type=\"container\" data-e-type=\"container\" data-settings=\"{&quot;jet_parallax_layout_list&quot;:[]}\">\n\t\t\t\t\t<div class=\"e-con-inner\">\n\t\t<div class=\"elementor-element elementor-element-a1e1a3d e-con-full e-flex e-con e-child\" data-id=\"a1e1a3d\" data-element_type=\"container\" data-e-type=\"container\" data-settings=\"{&quot;jet_parallax_layout_list&quot;:[]}\">\n\t\t\t\t<div class=\"elementor-element elementor-element-d010720 elementor-widget elementor-widget-heading\" data-id=\"d010720\" data-element_type=\"widget\" data-e-type=\"widget\" data-widget_type=\"heading.default\">\n\t\t\t\t\t<h2 class=\"elementor-heading-title elementor-size-default\">La Direcci\u00f3<\/h2>\t\t\t\t<\/div>\n\t\t\t\t<\/div>\n\t\t\t\t\t<\/div>\n\t\t\t\t<\/div>\n\t\t\t\t<\/div>\n\t\t","protected":false},"excerpt":{"rendered":"<p>Av\u00eds legal i pol\u00edtica de privacitat Aquesta p\u00e0gina \u00e9s propietat de Camping Baztan S.L. i t\u00e9 un car\u00e0cter merament informatiu sobre els serveis que ofereix el nostre c\u00e0mping. El fet d\u2019accedir a aquesta p\u00e0gina implica el coneixement i l\u2019acceptaci\u00f3 de les seg\u00fcents condicions d\u2019\u00fas. 1. Titularitat del lloc web. El nom de domini www.campingbaztan.com est\u00e0 [&hellip;]<\/p>\n","protected":false},"author":1,"featured_media":0,"parent":0,"menu_order":166,"comment_status":"closed","ping_status":"closed","template":"elementor_header_footer","meta":{"footnotes":""},"class_list":["post-8623","page","type-page","status-publish","hentry"],"yoast_head":"<!-- This site is optimized with the Yoast SEO plugin v27.4 - https:\/\/yoast.com\/product\/yoast-seo-wordpress\/ -->\n<title>Av\u00eds legal i pol\u00edtica de privacitat - Camping Bazt\u00e1n<\/title>\n<meta name=\"robots\" content=\"index, follow, max-snippet:-1, max-image-preview:large, max-video-preview:-1\" \/>\n<link rel=\"canonical\" href=\"https:\/\/www.campingbaztan.com\/ca\/avis-legal-i-politica-de-privacitat\/\" \/>\n<meta property=\"og:locale\" content=\"ca_ES\" \/>\n<meta property=\"og:type\" content=\"article\" \/>\n<meta property=\"og:title\" content=\"Av\u00eds legal i pol\u00edtica de privacitat - Camping Bazt\u00e1n\" \/>\n<meta property=\"og:description\" content=\"Av\u00eds legal i pol\u00edtica de privacitat Aquesta p\u00e0gina \u00e9s propietat de Camping Baztan S.L. i t\u00e9 un car\u00e0cter merament informatiu sobre els serveis que ofereix el nostre c\u00e0mping. El fet d\u2019accedir a aquesta p\u00e0gina implica el coneixement i l\u2019acceptaci\u00f3 de les seg\u00fcents condicions d\u2019\u00fas. 1. Titularitat del lloc web. El nom de domini www.campingbaztan.com est\u00e0 [&hellip;]\" \/>\n<meta property=\"og:url\" content=\"https:\/\/www.campingbaztan.com\/ca\/avis-legal-i-politica-de-privacitat\/\" \/>\n<meta property=\"og:site_name\" content=\"Camping Bazt\u00e1n\" \/>\n<meta property=\"article:modified_time\" content=\"2026-04-08T16:23:46+00:00\" \/>\n<meta name=\"twitter:card\" content=\"summary_large_image\" \/>\n<meta name=\"twitter:label1\" content=\"Temps estimat de lectura\" \/>\n\t<meta name=\"twitter:data1\" content=\"2 minuts\" \/>\n<script type=\"application\/ld+json\" class=\"yoast-schema-graph\">{\"@context\":\"https:\\\/\\\/schema.org\",\"@graph\":[{\"@type\":\"WebPage\",\"@id\":\"https:\\\/\\\/www.campingbaztan.com\\\/ca\\\/avis-legal-i-politica-de-privacitat\\\/\",\"url\":\"https:\\\/\\\/www.campingbaztan.com\\\/ca\\\/avis-legal-i-politica-de-privacitat\\\/\",\"name\":\"Av\u00eds legal i pol\u00edtica de privacitat - Camping Bazt\u00e1n\",\"isPartOf\":{\"@id\":\"https:\\\/\\\/www.campingbaztan.com\\\/ca\\\/#website\"},\"datePublished\":\"2026-02-16T17:06:07+00:00\",\"dateModified\":\"2026-04-08T16:23:46+00:00\",\"breadcrumb\":{\"@id\":\"https:\\\/\\\/www.campingbaztan.com\\\/ca\\\/avis-legal-i-politica-de-privacitat\\\/#breadcrumb\"},\"inLanguage\":\"ca\",\"potentialAction\":[{\"@type\":\"ReadAction\",\"target\":[\"https:\\\/\\\/www.campingbaztan.com\\\/ca\\\/avis-legal-i-politica-de-privacitat\\\/\"]}]},{\"@type\":\"BreadcrumbList\",\"@id\":\"https:\\\/\\\/www.campingbaztan.com\\\/ca\\\/avis-legal-i-politica-de-privacitat\\\/#breadcrumb\",\"itemListElement\":[{\"@type\":\"ListItem\",\"position\":1,\"name\":\"Camping Bazt\u00e1n\",\"item\":\"https:\\\/\\\/baztan.imacnol.es\\\/ca\\\/inici\\\/\"},{\"@type\":\"ListItem\",\"position\":2,\"name\":\"Av\u00eds legal i pol\u00edtica de privacitat\"}]},{\"@type\":\"WebSite\",\"@id\":\"https:\\\/\\\/www.campingbaztan.com\\\/ca\\\/#website\",\"url\":\"https:\\\/\\\/www.campingbaztan.com\\\/ca\\\/\",\"name\":\"Camping Bazt\u00e1n\",\"description\":\"Camping 4 Estrellas en el Valle del Bazt\u00e1n \u00b7 Erratzu, Norte de Navarra\",\"publisher\":{\"@id\":\"https:\\\/\\\/www.campingbaztan.com\\\/ca\\\/#organization\"},\"alternateName\":\"Camping Bazt\u00e1n\",\"potentialAction\":[{\"@type\":\"SearchAction\",\"target\":{\"@type\":\"EntryPoint\",\"urlTemplate\":\"https:\\\/\\\/www.campingbaztan.com\\\/ca\\\/?s={search_term_string}\"},\"query-input\":{\"@type\":\"PropertyValueSpecification\",\"valueRequired\":true,\"valueName\":\"search_term_string\"}}],\"inLanguage\":\"ca\"},{\"@type\":\"Organization\",\"@id\":\"https:\\\/\\\/www.campingbaztan.com\\\/ca\\\/#organization\",\"name\":\"Camping Bazt\u00e1n\",\"alternateName\":\"Camping Bazt\u00e1n\",\"url\":\"https:\\\/\\\/www.campingbaztan.com\\\/ca\\\/\",\"logo\":{\"@type\":\"ImageObject\",\"inLanguage\":\"ca\",\"@id\":\"https:\\\/\\\/www.campingbaztan.com\\\/ca\\\/#\\\/schema\\\/logo\\\/image\\\/\",\"url\":\"https:\\\/\\\/www.campingbaztan.com\\\/wp-content\\\/uploads\\\/logo-camping-baztan.webp\",\"contentUrl\":\"https:\\\/\\\/www.campingbaztan.com\\\/wp-content\\\/uploads\\\/logo-camping-baztan.webp\",\"width\":800,\"height\":800,\"caption\":\"Camping Bazt\u00e1n\"},\"image\":{\"@id\":\"https:\\\/\\\/www.campingbaztan.com\\\/ca\\\/#\\\/schema\\\/logo\\\/image\\\/\"}}]}<\/script>\n<!-- \/ Yoast SEO plugin. -->","yoast_head_json":{"title":"Av\u00eds legal i pol\u00edtica de privacitat - Camping Bazt\u00e1n","robots":{"index":"index","follow":"follow","max-snippet":"max-snippet:-1","max-image-preview":"max-image-preview:large","max-video-preview":"max-video-preview:-1"},"canonical":"https:\/\/www.campingbaztan.com\/ca\/avis-legal-i-politica-de-privacitat\/","og_locale":"ca_ES","og_type":"article","og_title":"Av\u00eds legal i pol\u00edtica de privacitat - Camping Bazt\u00e1n","og_description":"Av\u00eds legal i pol\u00edtica de privacitat Aquesta p\u00e0gina \u00e9s propietat de Camping Baztan S.L. i t\u00e9 un car\u00e0cter merament informatiu sobre els serveis que ofereix el nostre c\u00e0mping. El fet d\u2019accedir a aquesta p\u00e0gina implica el coneixement i l\u2019acceptaci\u00f3 de les seg\u00fcents condicions d\u2019\u00fas. 1. Titularitat del lloc web. El nom de domini www.campingbaztan.com est\u00e0 [&hellip;]","og_url":"https:\/\/www.campingbaztan.com\/ca\/avis-legal-i-politica-de-privacitat\/","og_site_name":"Camping Bazt\u00e1n","article_modified_time":"2026-04-08T16:23:46+00:00","twitter_card":"summary_large_image","twitter_misc":{"Temps estimat de lectura":"2 minuts"},"schema":{"@context":"https:\/\/schema.org","@graph":[{"@type":"WebPage","@id":"https:\/\/www.campingbaztan.com\/ca\/avis-legal-i-politica-de-privacitat\/","url":"https:\/\/www.campingbaztan.com\/ca\/avis-legal-i-politica-de-privacitat\/","name":"Av\u00eds legal i pol\u00edtica de privacitat - Camping Bazt\u00e1n","isPartOf":{"@id":"https:\/\/www.campingbaztan.com\/ca\/#website"},"datePublished":"2026-02-16T17:06:07+00:00","dateModified":"2026-04-08T16:23:46+00:00","breadcrumb":{"@id":"https:\/\/www.campingbaztan.com\/ca\/avis-legal-i-politica-de-privacitat\/#breadcrumb"},"inLanguage":"ca","potentialAction":[{"@type":"ReadAction","target":["https:\/\/www.campingbaztan.com\/ca\/avis-legal-i-politica-de-privacitat\/"]}]},{"@type":"BreadcrumbList","@id":"https:\/\/www.campingbaztan.com\/ca\/avis-legal-i-politica-de-privacitat\/#breadcrumb","itemListElement":[{"@type":"ListItem","position":1,"name":"Camping Bazt\u00e1n","item":"https:\/\/baztan.imacnol.es\/ca\/inici\/"},{"@type":"ListItem","position":2,"name":"Av\u00eds legal i pol\u00edtica de privacitat"}]},{"@type":"WebSite","@id":"https:\/\/www.campingbaztan.com\/ca\/#website","url":"https:\/\/www.campingbaztan.com\/ca\/","name":"Camping Bazt\u00e1n","description":"Camping 4 Estrellas en el Valle del Bazt\u00e1n \u00b7 Erratzu, Norte de Navarra","publisher":{"@id":"https:\/\/www.campingbaztan.com\/ca\/#organization"},"alternateName":"Camping Bazt\u00e1n","potentialAction":[{"@type":"SearchAction","target":{"@type":"EntryPoint","urlTemplate":"https:\/\/www.campingbaztan.com\/ca\/?s={search_term_string}"},"query-input":{"@type":"PropertyValueSpecification","valueRequired":true,"valueName":"search_term_string"}}],"inLanguage":"ca"},{"@type":"Organization","@id":"https:\/\/www.campingbaztan.com\/ca\/#organization","name":"Camping Bazt\u00e1n","alternateName":"Camping Bazt\u00e1n","url":"https:\/\/www.campingbaztan.com\/ca\/","logo":{"@type":"ImageObject","inLanguage":"ca","@id":"https:\/\/www.campingbaztan.com\/ca\/#\/schema\/logo\/image\/","url":"https:\/\/www.campingbaztan.com\/wp-content\/uploads\/logo-camping-baztan.webp","contentUrl":"https:\/\/www.campingbaztan.com\/wp-content\/uploads\/logo-camping-baztan.webp","width":800,"height":800,"caption":"Camping Bazt\u00e1n"},"image":{"@id":"https:\/\/www.campingbaztan.com\/ca\/#\/schema\/logo\/image\/"}}]}},"_links":{"self":[{"href":"https:\/\/www.campingbaztan.com\/ca\/wp-json\/wp\/v2\/pages\/8623","targetHints":{"allow":["GET"]}}],"collection":[{"href":"https:\/\/www.campingbaztan.com\/ca\/wp-json\/wp\/v2\/pages"}],"about":[{"href":"https:\/\/www.campingbaztan.com\/ca\/wp-json\/wp\/v2\/types\/page"}],"author":[{"embeddable":true,"href":"https:\/\/www.campingbaztan.com\/ca\/wp-json\/wp\/v2\/users\/1"}],"replies":[{"embeddable":true,"href":"https:\/\/www.campingbaztan.com\/ca\/wp-json\/wp\/v2\/comments?post=8623"}],"version-history":[{"count":1,"href":"https:\/\/www.campingbaztan.com\/ca\/wp-json\/wp\/v2\/pages\/8623\/revisions"}],"predecessor-version":[{"id":12138,"href":"https:\/\/www.campingbaztan.com\/ca\/wp-json\/wp\/v2\/pages\/8623\/revisions\/12138"}],"wp:attachment":[{"href":"https:\/\/www.campingbaztan.com\/ca\/wp-json\/wp\/v2\/media?parent=8623"}],"curies":[{"name":"wp","href":"https:\/\/api.w.org\/{rel}","templated":true}]}}